{"id":6795,"date":"2021-05-17T11:12:40","date_gmt":"2021-05-17T09:12:40","guid":{"rendered":"https:\/\/kasprowicz.edu.pl\/?page_id=6795"},"modified":"2021-06-09T13:06:10","modified_gmt":"2021-06-09T11:06:10","slug":"this-is-american-life","status":"publish","type":"page","link":"https:\/\/kasprowicz.edu.pl\/?page_id=6795","title":{"rendered":"This is American life"},"content":{"rendered":"<p><img loading=\"lazy\" decoding=\"async\" class=\"wp-image-6779 size-medium alignleft\" src=\"https:\/\/kasprowicz.edu.pl\/wp-content\/uploads\/2021\/05\/DSC_2226n-222x300.jpg\" alt=\"\" width=\"222\" height=\"300\" \/><\/p>\n<div style=\"text-align: justify;\">\n<p><b>To by\u0142o niesamowite spotkanie \u2013 tak pierwsze warsztaty z j\u0119zykiem angielskim w ramach projektu Ameryka\u0144ski Sen w Kasprowiczu ocenia Daria \u2013 jedna z czterdziestu jego uczestniczek.<\/b><b> \u201eThis is American Life\u201d \u2013 oto jest Ameryka\u0144skie \u017cycie \u2013 to temat spotkania z Markiem Tardim \u2013 wyk\u0142adowc\u0105 Katedry Kultury i Literatury Ameryka\u0144skiej Uniwersytetu \u0141\u00f3dzkiego. &#8222;<\/b>Warsztaty udowodni\u0142y mi jak przyjemne jest do\u015bwiadczenie obcowania z j\u0119zykiem na \u017cywo. Zainspirowa\u0142o mnie do dalszej nauki j\u0119zyka angielskiego&#8221; \u2013 podkre\u015bla Justyna.<\/p>\n<p>Mark\u00a0 Tardi przedstawi\u0142\u00a0 r\u00f3\u017cnice kulturowe mi\u0119dzy Polsk\u0105, a Stanami Zjednoczonymi. Z niezwyk\u0142\u0105 precyzj\u0105 obala\u0142 stereotypy dotycz\u0105ce naszych pogl\u0105d\u00f3w na temat Amerykan\u00f3w, jak r\u00f3wnie\u017c zara\u017ca\u0142 kutnowsk\u0105 m\u0142odzie\u017c pozytywnym podej\u015bciem do \u017cycia. Podczas ca\u0142ego spotkania mo\u017cna by\u0142o us\u0142ysze\u0107 niezliczone gromkie salwy \u015bmiechu, kt\u00f3rymi m\u0142odzi ludzie cz\u0119sto obdarzali komentarze prowadz\u0105cego.<\/p>\n<p>\u2013 M\u0142odzie\u017c bardzo zaanga\u017cowa\u0142a si\u0119 w zaj\u0119cia i aktywnie w nich uczestniczy\u0142a \u2013 podsumowuje Daria.<\/p>\n<p>\u2013\u00a0 Jednym z fakt\u00f3w, kt\u00f3ry najbardziej mnie zadziwi\u0142, by\u0142 ten, \u017ce najniebezpieczniejszym zawodem wykonywanym w tym kraju jest zaw\u00f3d prezydenta i \u017ce na 100 mieszka\u0144c\u00f3w przypada tam ponad 90 sztuk broni palnej. \u2013 m\u00f3wi Miko\u0142aj z I LO<\/p>\n<p>\u2013\u00a0 Najbardziej zaskakuj\u0105cym punktem warsztatu by\u0142 dla mnie ameryka\u0144ski \u201ewynalazek\u201d o nazwie \u201ePet Rock\u201d \u2013 najzwyklejszy w \u015bwiecie kamie\u0144, zapakowany w tekturowe pude\u0142ko z otworami. Ca\u0142y \u201ebajer\u201d polega na tym, \u017ce jest to najlepsze zwierz\u0105tko dla zapracowanych: nie wo\u0142a je\u015b\u0107, nie trzeba wyprowadza\u0107 na powietrze i nie trzeba po nim sprz\u0105ta\u0107, nigdy nie umrze i zawsze jest przy swoim w\u0142a\u015bcicielu, a jego cena to zaledwie 4 dolary! Pan Tardi opisa\u0142 to w taki spos\u00f3b, \u017ce chyba sam kupi\u0142bym jeden egzemplarz \u2013 podkre\u015bla Szymon.<\/p>\n<p>Uczestnicy warsztat\u00f3w u\u015bwiadomili sobie, \u017ce kraj kreowany jako kraina szcz\u0119\u015bcia i sukcesu, ma r\u00f3wnie\u017c swoje ciemne strony. Mieszkaj\u0105 tam bowiem ludzie, kt\u00f3rzy osi\u0105gn\u0119li sukces w \u017cyciu, ale i tacy, kt\u00f3rzy nie do ko\u0144ca odnajduj\u0105 si\u0119 w tamtejszej kulturze i skazani s\u0105 na bied\u0119.<\/p>\n<p>M\u0142odzie\u017c mog\u0142a os\u0142ucha\u0107 si\u0119 z autentycznym j\u0119zykiem ameryka\u0144skim, bo tylko takim pos\u0142ugiwa\u0142 si\u0119 prowadz\u0105cy. Spotkanie by\u0142o wi\u0119c sporym wyzwaniem dla tych, kt\u00f3rzy nie maj\u0105 na co dzie\u0144 okazji porozmawia\u0107 i sprawdzi\u0107 swoich umiej\u0119tno\u015bci j\u0119zykowych w praktyce. Jednak z ca\u0142\u0105 pewno\u015bci\u0105 mo\u017cna podsumowa\u0107, \u017ce m\u0142odzi kutnianie to ludzie ciekawi poznawania obcych kultur i d\u0105\u017c\u0105cy do ich zrozumienia.<\/p>\n<p>Ju\u017c wkr\u00f3tce kolejne wyk\u0142ady i warsztaty w ramach projektu Ameryka\u0144ski sen w Kasprowiczu. 9 listopada, doro\u015bli mieszka\u0144cy Kutna zaproszeni s\u0105\u00a0 na warsztaty pt. \u201eLet\u2019s conqer the US \u2013 Miejsca warte odwiedzenia w USA\u201d. Spotkanie jak zawsze w II Liceum Og\u00f3lnokszta\u0142c\u0105cym im. Jana Kasprowicza\u00a0 w Kutnie o godz. 16.<\/p>\n<\/div>\n<p><span style=\"color: #99ccff;\"><strong>KLIKNIJ W DOWOLNE ZDJ\u0118CIE<\/strong><\/span><\/p>\n\n","protected":false},"excerpt":{"rendered":"<p>To by\u0142o niesamowite spotkanie \u2013 tak pierwsze warsztaty z j\u0119zykiem angielskim w ramach projektu Ameryka\u0144ski Sen w Kasprowiczu ocenia Daria<\/p>\n","protected":false},"author":1,"featured_media":0,"parent":6708,"menu_order":0,"comment_status":"closed","ping_status":"closed","template":"","meta":{"colormag_page_container_layout":"default_layout","colormag_page_sidebar_layout":"default_layout","footnotes":""},"class_list":["post-6795","page","type-page","status-publish","hentry"],"_links":{"self":[{"href":"https:\/\/kasprowicz.edu.pl\/index.php?rest_route=\/wp\/v2\/pages\/6795","targetHints":{"allow":["GET"]}}],"collection":[{"href":"https:\/\/kasprowicz.edu.pl\/index.php?rest_route=\/wp\/v2\/pages"}],"about":[{"href":"https:\/\/kasprowicz.edu.pl\/index.php?rest_route=\/wp\/v2\/types\/page"}],"author":[{"embeddable":true,"href":"https:\/\/kasprowicz.edu.pl\/index.php?rest_route=\/wp\/v2\/users\/1"}],"replies":[{"embeddable":true,"href":"https:\/\/kasprowicz.edu.pl\/index.php?rest_route=%2Fwp%2Fv2%2Fcomments&post=6795"}],"version-history":[{"count":7,"href":"https:\/\/kasprowicz.edu.pl\/index.php?rest_route=\/wp\/v2\/pages\/6795\/revisions"}],"predecessor-version":[{"id":7405,"href":"https:\/\/kasprowicz.edu.pl\/index.php?rest_route=\/wp\/v2\/pages\/6795\/revisions\/7405"}],"up":[{"embeddable":true,"href":"https:\/\/kasprowicz.edu.pl\/index.php?rest_route=\/wp\/v2\/pages\/6708"}],"wp:attachment":[{"href":"https:\/\/kasprowicz.edu.pl\/index.php?rest_route=%2Fwp%2Fv2%2Fmedia&parent=6795"}],"curies":[{"name":"wp","href":"https:\/\/api.w.org\/{rel}","templated":true}]}}