{"id":60,"date":"2020-09-16T15:52:14","date_gmt":"2020-09-16T13:52:14","guid":{"rendered":"https:\/\/v2020.kasprowicz.edu.pl\/?page_id=60"},"modified":"2025-01-02T12:25:35","modified_gmt":"2025-01-02T11:25:35","slug":"kontakt","status":"publish","type":"page","link":"https:\/\/kasprowicz.edu.pl\/?page_id=60","title":{"rendered":"Kontakt"},"content":{"rendered":"\r\n<h2><strong>Pe\u0142ne dane kontaktowe szko\u0142y:<\/strong><\/h2>\r\n<p>&nbsp;<\/p>\r\n<p>II Liceum Og\u00f3lnokszta\u0142c\u0105ce im. Jana Kasprowicza<br \/>ul. Okrzei 1a, 99-300 Kutno<\/p>\r\n<p>tel: 24 355 74 33,<br \/>tel.\/fax: 24 355 74 30<\/p>\r\n<p>E-mail: kasprowicz@kasprowicz.edu.pl<\/p>\r\n<p>Adres do e-Dor\u0119cze\u0144: AE:PL-51305-20984-WTVJB-27<\/p>\r\n<p>Facebook: <a href=\"http:\/\/facebook.com\/kasprowiczkutno\" target=\"_blank\" rel=\"noopener noreferrer\">facebook.com\/kasprowiczkutno<\/a><\/p>\r\n<p>&nbsp;<\/p>\r\n\r\n<p><iframe loading=\"lazy\" style=\"border: 0;\" tabindex=\"0\" src=\"https:\/\/www.google.com\/maps\/embed?pb=!1m18!1m12!1m3!1d2443.463508615051!2d19.34519651579687!3d52.2349641797613!2m3!1f0!2f0!3f0!3m2!1i1024!2i768!4f13.1!3m3!1m2!1s0x471b9bef64ac7f73%3A0xbbb9875d9f1fb8f8!2sII%20Liceum%20Og%C3%B3lnokszta%C5%82c%C4%85ce%20im.%20J.%20Kasprowicza%20w%20Kutnie!5e0!3m2!1spl!2spl!4v1611439321478!5m2!1spl!2spl\" width=\"800\" height=\"600\" frameborder=\"0\" allowfullscreen=\"allowfullscreen\" aria-hidden=\"false\"><\/iframe><\/p>","protected":false},"excerpt":{"rendered":"<p>Pe\u0142ne dane kontaktowe szko\u0142y: &nbsp; II Liceum Og\u00f3lnokszta\u0142c\u0105ce im. Jana Kasprowiczaul. Okrzei 1a, 99-300 Kutno tel: 24 355 74 33,tel.\/fax:<\/p>\n","protected":false},"author":1,"featured_media":0,"parent":0,"menu_order":0,"comment_status":"closed","ping_status":"closed","template":"","meta":{"colormag_page_container_layout":"default_layout","colormag_page_sidebar_layout":"default_layout","footnotes":""},"class_list":["post-60","page","type-page","status-publish","hentry"],"_links":{"self":[{"href":"https:\/\/kasprowicz.edu.pl\/index.php?rest_route=\/wp\/v2\/pages\/60","targetHints":{"allow":["GET"]}}],"collection":[{"href":"https:\/\/kasprowicz.edu.pl\/index.php?rest_route=\/wp\/v2\/pages"}],"about":[{"href":"https:\/\/kasprowicz.edu.pl\/index.php?rest_route=\/wp\/v2\/types\/page"}],"author":[{"embeddable":true,"href":"https:\/\/kasprowicz.edu.pl\/index.php?rest_route=\/wp\/v2\/users\/1"}],"replies":[{"embeddable":true,"href":"https:\/\/kasprowicz.edu.pl\/index.php?rest_route=%2Fwp%2Fv2%2Fcomments&post=60"}],"version-history":[{"count":6,"href":"https:\/\/kasprowicz.edu.pl\/index.php?rest_route=\/wp\/v2\/pages\/60\/revisions"}],"predecessor-version":[{"id":15110,"href":"https:\/\/kasprowicz.edu.pl\/index.php?rest_route=\/wp\/v2\/pages\/60\/revisions\/15110"}],"wp:attachment":[{"href":"https:\/\/kasprowicz.edu.pl\/index.php?rest_route=%2Fwp%2Fv2%2Fmedia&parent=60"}],"curies":[{"name":"wp","href":"https:\/\/api.w.org\/{rel}","templated":true}]}}