{"id":5237,"date":"2021-03-18T15:44:47","date_gmt":"2021-03-18T14:44:47","guid":{"rendered":"https:\/\/kasprowicz.edu.pl\/?page_id=5237"},"modified":"2021-03-18T18:02:49","modified_gmt":"2021-03-18T17:02:49","slug":"4-immunologia","status":"publish","type":"page","link":"https:\/\/kasprowicz.edu.pl\/?page_id=5237","title":{"rendered":"4. IMMUNOLOGIA"},"content":{"rendered":"<p align=\"CENTER\"><strong>Niezwyk\u0142e opowie\u015bci o immunologii na \u201eSpotkaniu z biologi\u0105 w Kasprowiczu\u201d<\/strong><\/p>\n<p align=\"JUSTIFY\">Na styczniowym \u201eSpotkaniu z biologi\u0105 w Kasprowiczu\u201d go\u015bcili\u015bmy <strong>Zuzann\u0119 \u0141ukasik<\/strong>, kt\u00f3ra reprezentuje <strong>Klinik\u0119 Immunologii Uniwersytetu Medycznego w<\/strong> <strong>\u0141odzi<\/strong>, a kilka miesi\u0119cy temu odby\u0142a sta\u017c naukowy na Uniwersytecie w Zurichu. Na wyk\u0142adzie po\u0142\u0105czonym z pokazem \u201eImmunologia, czyli kiedy odpowied\u017a na pytanie generuje 10 kolejnych pyta\u0144\u201d poznali\u015bmy tajniki najbardziej precyzyjnej armii \u015bwiata, czyli naszego uk\u0142adu odporno\u015bciowego. Pan Zuzanna \u0141ukasik w bardzo ciekawy i przyst\u0119pny spos\u00f3b wyja\u015bni\u0142a mechanizm powstawania chor\u00f3b autoimmunologicznych, a dzi\u0119ki specjalnie przygotowanym r\u0119kawicom mogli\u015bmy poczu\u0107 si\u0119 jak chory na reumatoidalne zapalenie staw\u00f3w. Przez usztywnienia, jakie towarzysz\u0105 tej chorobie nikt nie by\u0142 w stanie zasznurowa\u0107 but\u00f3w! Uczniowie samodzielnie wykonali kapilaroskopi\u0119, czyli nieinwazyjn\u0105 metod\u0119 diagnostyczn\u0105 stosowan\u0105 w medycynie polegaj\u0105c\u0105 na ocenie przy u\u017cyciu technik powi\u0119kszaj\u0105cych, mikrokr\u0105\u017cenia krwi w obr\u0119bie sk\u00f3ry i b\u0142on \u015bluzowych. M\u0142odzie\u017c obejrza\u0142a w\u0142asne naczynia w\u0142osowate pod specjalnym mikroskopem z kamer\u0105. Zaj\u0119cia by\u0142y niezwykle ciekawe! Cieszymy si\u0119 z tego, \u017ce w \u201e Spotkaniach z biologi\u0105 w Kasprowiczu\u201d bierze tak licznie udzia\u0142 m\u0142odzie\u017c ze wszystkich kutnowskich szk\u00f3\u0142 podstawowych. Jeste\u015bmy dumni, z tego \u017ce Kasprowicz pe\u0142ni rol\u0119 popularyzatora nauki w \u015brodowisku kutnowskim. Czekamy na nast\u0119pne \u201eSpotkanie z biologi\u0105 w Kasprowiczu\u201d ju\u017c 28 lutego. Tym razem przyjedzie do nas dr Miko\u0142aj Fedorowicz z Polskiej Akademii Nauk. Zapraszamy!<\/p>\n<p align=\"JUSTIFY\"><span style=\"color: #99ccff;\"><strong>KLIKNIJ W DOWOLNE ZDJ\u0118CIE:<\/strong><\/span><\/p>\n<p align=\"JUSTIFY\"><div class=\"su-image-carousel  su-image-carousel-columns-4 su-image-carousel-has-spacing su-image-carousel-crop su-image-carousel-crop-4-3 su-image-carousel-has-lightbox su-image-carousel-has-outline su-image-carousel-adaptive su-image-carousel-slides-style-minimal su-image-carousel-controls-style-dark su-image-carousel-align-none\" style=\"\" data-flickity-options='{\"groupCells\":true,\"cellSelector\":\".su-image-carousel-item\",\"adaptiveHeight\":false,\"cellAlign\":\"left\",\"prevNextButtons\":true,\"pageDots\":false,\"autoPlay\":8000,\"imagesLoaded\":true,\"contain\":true,\"selectedAttraction\":0.007,\"friction\":0.25}' id=\"su_image_carousel_69f70982928a7\"><div class=\"su-image-carousel-item\"><div class=\"su-image-carousel-item-content\"><a href=\"https:\/\/kasprowicz.edu.pl\/wp-content\/uploads\/2021\/03\/IMG-20190124-WA0020.jpg\" target=\"_blank\" rel=\"noopener noreferrer\" data-caption=\"\"><img loading=\"lazy\" decoding=\"async\" width=\"800\" height=\"600\" src=\"https:\/\/kasprowicz.edu.pl\/wp-content\/uploads\/2021\/03\/IMG-20190124-WA0020-1024x768.jpg\" class=\"\" alt=\"\" srcset=\"https:\/\/kasprowicz.edu.pl\/wp-content\/uploads\/2021\/03\/IMG-20190124-WA0020-1024x768.jpg 1024w, https:\/\/kasprowicz.edu.pl\/wp-content\/uploads\/2021\/03\/IMG-20190124-WA0020-300x225.jpg 300w, https:\/\/kasprowicz.edu.pl\/wp-content\/uploads\/2021\/03\/IMG-20190124-WA0020-768x576.jpg 768w, https:\/\/kasprowicz.edu.pl\/wp-content\/uploads\/2021\/03\/IMG-20190124-WA0020-1536x1153.jpg 1536w, https:\/\/kasprowicz.edu.pl\/wp-content\/uploads\/2021\/03\/IMG-20190124-WA0020.jpg 1599w\" sizes=\"auto, (max-width: 800px) 100vw, 800px\" \/><\/a><\/div><\/div><div class=\"su-image-carousel-item\"><div class=\"su-image-carousel-item-content\"><a href=\"https:\/\/kasprowicz.edu.pl\/wp-content\/uploads\/2021\/03\/IMG-20190124-WA0013.jpg\" target=\"_blank\" rel=\"noopener noreferrer\" data-caption=\"\"><img loading=\"lazy\" decoding=\"async\" width=\"800\" height=\"600\" src=\"https:\/\/kasprowicz.edu.pl\/wp-content\/uploads\/2021\/03\/IMG-20190124-WA0013-1024x768.jpg\" class=\"\" alt=\"\" srcset=\"https:\/\/kasprowicz.edu.pl\/wp-content\/uploads\/2021\/03\/IMG-20190124-WA0013-1024x768.jpg 1024w, https:\/\/kasprowicz.edu.pl\/wp-content\/uploads\/2021\/03\/IMG-20190124-WA0013-300x225.jpg 300w, https:\/\/kasprowicz.edu.pl\/wp-content\/uploads\/2021\/03\/IMG-20190124-WA0013-768x576.jpg 768w, https:\/\/kasprowicz.edu.pl\/wp-content\/uploads\/2021\/03\/IMG-20190124-WA0013-1536x1153.jpg 1536w, https:\/\/kasprowicz.edu.pl\/wp-content\/uploads\/2021\/03\/IMG-20190124-WA0013.jpg 1599w\" sizes=\"auto, (max-width: 800px) 100vw, 800px\" \/><\/a><\/div><\/div><div class=\"su-image-carousel-item\"><div class=\"su-image-carousel-item-content\"><a href=\"https:\/\/kasprowicz.edu.pl\/wp-content\/uploads\/2021\/03\/IMG-20190124-WA0009.jpg\" target=\"_blank\" rel=\"noopener noreferrer\" data-caption=\"\"><img loading=\"lazy\" decoding=\"async\" width=\"800\" height=\"600\" src=\"https:\/\/kasprowicz.edu.pl\/wp-content\/uploads\/2021\/03\/IMG-20190124-WA0009-1024x768.jpg\" class=\"\" alt=\"\" srcset=\"https:\/\/kasprowicz.edu.pl\/wp-content\/uploads\/2021\/03\/IMG-20190124-WA0009-1024x768.jpg 1024w, https:\/\/kasprowicz.edu.pl\/wp-content\/uploads\/2021\/03\/IMG-20190124-WA0009-300x225.jpg 300w, https:\/\/kasprowicz.edu.pl\/wp-content\/uploads\/2021\/03\/IMG-20190124-WA0009-768x576.jpg 768w, https:\/\/kasprowicz.edu.pl\/wp-content\/uploads\/2021\/03\/IMG-20190124-WA0009-1536x1153.jpg 1536w, https:\/\/kasprowicz.edu.pl\/wp-content\/uploads\/2021\/03\/IMG-20190124-WA0009.jpg 1599w\" sizes=\"auto, (max-width: 800px) 100vw, 800px\" \/><\/a><\/div><\/div><div class=\"su-image-carousel-item\"><div class=\"su-image-carousel-item-content\"><a href=\"https:\/\/kasprowicz.edu.pl\/wp-content\/uploads\/2021\/03\/IMG-20190124-WA0007.jpg\" target=\"_blank\" rel=\"noopener noreferrer\" data-caption=\"\"><img loading=\"lazy\" decoding=\"async\" width=\"800\" height=\"600\" src=\"https:\/\/kasprowicz.edu.pl\/wp-content\/uploads\/2021\/03\/IMG-20190124-WA0007-1024x768.jpg\" class=\"\" alt=\"\" srcset=\"https:\/\/kasprowicz.edu.pl\/wp-content\/uploads\/2021\/03\/IMG-20190124-WA0007-1024x768.jpg 1024w, https:\/\/kasprowicz.edu.pl\/wp-content\/uploads\/2021\/03\/IMG-20190124-WA0007-300x225.jpg 300w, https:\/\/kasprowicz.edu.pl\/wp-content\/uploads\/2021\/03\/IMG-20190124-WA0007-768x576.jpg 768w, https:\/\/kasprowicz.edu.pl\/wp-content\/uploads\/2021\/03\/IMG-20190124-WA0007-1536x1153.jpg 1536w, https:\/\/kasprowicz.edu.pl\/wp-content\/uploads\/2021\/03\/IMG-20190124-WA0007.jpg 1599w\" sizes=\"auto, (max-width: 800px) 100vw, 800px\" \/><\/a><\/div><\/div><div class=\"su-image-carousel-item\"><div class=\"su-image-carousel-item-content\"><a href=\"https:\/\/kasprowicz.edu.pl\/wp-content\/uploads\/2021\/03\/IMG-20190124-WA0002.jpg\" target=\"_blank\" rel=\"noopener noreferrer\" data-caption=\"\"><img loading=\"lazy\" decoding=\"async\" width=\"800\" height=\"600\" src=\"https:\/\/kasprowicz.edu.pl\/wp-content\/uploads\/2021\/03\/IMG-20190124-WA0002-1024x768.jpg\" class=\"\" alt=\"\" srcset=\"https:\/\/kasprowicz.edu.pl\/wp-content\/uploads\/2021\/03\/IMG-20190124-WA0002-1024x768.jpg 1024w, https:\/\/kasprowicz.edu.pl\/wp-content\/uploads\/2021\/03\/IMG-20190124-WA0002-300x225.jpg 300w, https:\/\/kasprowicz.edu.pl\/wp-content\/uploads\/2021\/03\/IMG-20190124-WA0002-768x576.jpg 768w, https:\/\/kasprowicz.edu.pl\/wp-content\/uploads\/2021\/03\/IMG-20190124-WA0002-1536x1153.jpg 1536w, https:\/\/kasprowicz.edu.pl\/wp-content\/uploads\/2021\/03\/IMG-20190124-WA0002.jpg 1599w\" sizes=\"auto, (max-width: 800px) 100vw, 800px\" \/><\/a><\/div><\/div><div class=\"su-image-carousel-item\"><div class=\"su-image-carousel-item-content\"><a href=\"https:\/\/kasprowicz.edu.pl\/wp-content\/uploads\/2021\/03\/IMG-20190124-WA0001.jpg\" target=\"_blank\" rel=\"noopener noreferrer\" data-caption=\"\"><img loading=\"lazy\" decoding=\"async\" width=\"800\" height=\"600\" src=\"https:\/\/kasprowicz.edu.pl\/wp-content\/uploads\/2021\/03\/IMG-20190124-WA0001-1024x768.jpg\" class=\"\" alt=\"\" srcset=\"https:\/\/kasprowicz.edu.pl\/wp-content\/uploads\/2021\/03\/IMG-20190124-WA0001-1024x768.jpg 1024w, https:\/\/kasprowicz.edu.pl\/wp-content\/uploads\/2021\/03\/IMG-20190124-WA0001-300x225.jpg 300w, https:\/\/kasprowicz.edu.pl\/wp-content\/uploads\/2021\/03\/IMG-20190124-WA0001-768x576.jpg 768w, https:\/\/kasprowicz.edu.pl\/wp-content\/uploads\/2021\/03\/IMG-20190124-WA0001-1536x1153.jpg 1536w, https:\/\/kasprowicz.edu.pl\/wp-content\/uploads\/2021\/03\/IMG-20190124-WA0001.jpg 1599w\" sizes=\"auto, (max-width: 800px) 100vw, 800px\" \/><\/a><\/div><\/div><div class=\"su-image-carousel-item\"><div class=\"su-image-carousel-item-content\"><a href=\"https:\/\/kasprowicz.edu.pl\/wp-content\/uploads\/2021\/03\/IMG_9750-scaled.jpg\" target=\"_blank\" rel=\"noopener noreferrer\" data-caption=\"\"><img loading=\"lazy\" decoding=\"async\" width=\"800\" height=\"566\" src=\"https:\/\/kasprowicz.edu.pl\/wp-content\/uploads\/2021\/03\/IMG_9750-1024x724.jpg\" class=\"\" alt=\"\" srcset=\"https:\/\/kasprowicz.edu.pl\/wp-content\/uploads\/2021\/03\/IMG_9750-1024x724.jpg 1024w, https:\/\/kasprowicz.edu.pl\/wp-content\/uploads\/2021\/03\/IMG_9750-300x212.jpg 300w, https:\/\/kasprowicz.edu.pl\/wp-content\/uploads\/2021\/03\/IMG_9750-768x543.jpg 768w, https:\/\/kasprowicz.edu.pl\/wp-content\/uploads\/2021\/03\/IMG_9750-1536x1086.jpg 1536w\" sizes=\"auto, (max-width: 800px) 100vw, 800px\" \/><\/a><\/div><\/div><div class=\"su-image-carousel-item\"><div class=\"su-image-carousel-item-content\"><a href=\"https:\/\/kasprowicz.edu.pl\/wp-content\/uploads\/2021\/03\/IMG_9744-scaled.jpg\" target=\"_blank\" rel=\"noopener noreferrer\" data-caption=\"\"><img loading=\"lazy\" decoding=\"async\" width=\"800\" height=\"441\" src=\"https:\/\/kasprowicz.edu.pl\/wp-content\/uploads\/2021\/03\/IMG_9744-1024x565.jpg\" class=\"\" alt=\"\" srcset=\"https:\/\/kasprowicz.edu.pl\/wp-content\/uploads\/2021\/03\/IMG_9744-1024x565.jpg 1024w, https:\/\/kasprowicz.edu.pl\/wp-content\/uploads\/2021\/03\/IMG_9744-300x166.jpg 300w, https:\/\/kasprowicz.edu.pl\/wp-content\/uploads\/2021\/03\/IMG_9744-768x424.jpg 768w, https:\/\/kasprowicz.edu.pl\/wp-content\/uploads\/2021\/03\/IMG_9744-1536x847.jpg 1536w, https:\/\/kasprowicz.edu.pl\/wp-content\/uploads\/2021\/03\/IMG_9744-2048x1130.jpg 2048w\" sizes=\"auto, (max-width: 800px) 100vw, 800px\" \/><\/a><\/div><\/div><div class=\"su-image-carousel-item\"><div class=\"su-image-carousel-item-content\"><a href=\"https:\/\/kasprowicz.edu.pl\/wp-content\/uploads\/2021\/03\/IMG_9726-scaled.jpg\" target=\"_blank\" rel=\"noopener noreferrer\" data-caption=\"\"><img loading=\"lazy\" decoding=\"async\" width=\"747\" height=\"1024\" src=\"https:\/\/kasprowicz.edu.pl\/wp-content\/uploads\/2021\/03\/IMG_9726-747x1024.jpg\" class=\"\" alt=\"\" srcset=\"https:\/\/kasprowicz.edu.pl\/wp-content\/uploads\/2021\/03\/IMG_9726-747x1024.jpg 747w, https:\/\/kasprowicz.edu.pl\/wp-content\/uploads\/2021\/03\/IMG_9726-219x300.jpg 219w, https:\/\/kasprowicz.edu.pl\/wp-content\/uploads\/2021\/03\/IMG_9726-768x1052.jpg 768w, https:\/\/kasprowicz.edu.pl\/wp-content\/uploads\/2021\/03\/IMG_9726-1121x1536.jpg 1121w, https:\/\/kasprowicz.edu.pl\/wp-content\/uploads\/2021\/03\/IMG_9726-1495x2048.jpg 1495w, https:\/\/kasprowicz.edu.pl\/wp-content\/uploads\/2021\/03\/IMG_9726-scaled.jpg 1868w\" sizes=\"auto, (max-width: 747px) 100vw, 747px\" \/><\/a><\/div><\/div><div class=\"su-image-carousel-item\"><div class=\"su-image-carousel-item-content\"><a href=\"https:\/\/kasprowicz.edu.pl\/wp-content\/uploads\/2021\/03\/IMG_9723-scaled.jpg\" target=\"_blank\" rel=\"noopener noreferrer\" data-caption=\"\"><img loading=\"lazy\" decoding=\"async\" width=\"800\" height=\"497\" src=\"https:\/\/kasprowicz.edu.pl\/wp-content\/uploads\/2021\/03\/IMG_9723-1024x636.jpg\" class=\"\" alt=\"\" srcset=\"https:\/\/kasprowicz.edu.pl\/wp-content\/uploads\/2021\/03\/IMG_9723-1024x636.jpg 1024w, https:\/\/kasprowicz.edu.pl\/wp-content\/uploads\/2021\/03\/IMG_9723-300x186.jpg 300w, https:\/\/kasprowicz.edu.pl\/wp-content\/uploads\/2021\/03\/IMG_9723-768x477.jpg 768w, https:\/\/kasprowicz.edu.pl\/wp-content\/uploads\/2021\/03\/IMG_9723-1536x955.jpg 1536w, https:\/\/kasprowicz.edu.pl\/wp-content\/uploads\/2021\/03\/IMG_9723-2048x1273.jpg 2048w\" sizes=\"auto, (max-width: 800px) 100vw, 800px\" \/><\/a><\/div><\/div><div class=\"su-image-carousel-item\"><div class=\"su-image-carousel-item-content\"><a href=\"https:\/\/kasprowicz.edu.pl\/wp-content\/uploads\/2021\/03\/IMG_9721-scaled.jpg\" target=\"_blank\" rel=\"noopener noreferrer\" data-caption=\"\"><img loading=\"lazy\" decoding=\"async\" width=\"699\" height=\"1024\" src=\"https:\/\/kasprowicz.edu.pl\/wp-content\/uploads\/2021\/03\/IMG_9721-699x1024.jpg\" class=\"\" alt=\"\" srcset=\"https:\/\/kasprowicz.edu.pl\/wp-content\/uploads\/2021\/03\/IMG_9721-699x1024.jpg 699w, https:\/\/kasprowicz.edu.pl\/wp-content\/uploads\/2021\/03\/IMG_9721-205x300.jpg 205w, https:\/\/kasprowicz.edu.pl\/wp-content\/uploads\/2021\/03\/IMG_9721-768x1126.jpg 768w, https:\/\/kasprowicz.edu.pl\/wp-content\/uploads\/2021\/03\/IMG_9721-scaled.jpg 1747w\" sizes=\"auto, (max-width: 699px) 100vw, 699px\" \/><\/a><\/div><\/div><div class=\"su-image-carousel-item\"><div class=\"su-image-carousel-item-content\"><a href=\"https:\/\/kasprowicz.edu.pl\/wp-content\/uploads\/2021\/03\/IMG_9715-scaled.jpg\" target=\"_blank\" rel=\"noopener noreferrer\" data-caption=\"\"><img loading=\"lazy\" decoding=\"async\" width=\"768\" height=\"1024\" src=\"https:\/\/kasprowicz.edu.pl\/wp-content\/uploads\/2021\/03\/IMG_9715-768x1024.jpg\" class=\"\" alt=\"\" srcset=\"https:\/\/kasprowicz.edu.pl\/wp-content\/uploads\/2021\/03\/IMG_9715-768x1024.jpg 768w, https:\/\/kasprowicz.edu.pl\/wp-content\/uploads\/2021\/03\/IMG_9715-225x300.jpg 225w, https:\/\/kasprowicz.edu.pl\/wp-content\/uploads\/2021\/03\/IMG_9715-1153x1536.jpg 1153w, https:\/\/kasprowicz.edu.pl\/wp-content\/uploads\/2021\/03\/IMG_9715-1537x2048.jpg 1537w, https:\/\/kasprowicz.edu.pl\/wp-content\/uploads\/2021\/03\/IMG_9715-scaled.jpg 1921w\" sizes=\"auto, (max-width: 768px) 100vw, 768px\" \/><\/a><\/div><\/div><div class=\"su-image-carousel-item\"><div class=\"su-image-carousel-item-content\"><a href=\"https:\/\/kasprowicz.edu.pl\/wp-content\/uploads\/2021\/03\/IMG_9712-scaled.jpg\" target=\"_blank\" rel=\"noopener noreferrer\" data-caption=\"\"><img loading=\"lazy\" decoding=\"async\" width=\"725\" height=\"1024\" src=\"https:\/\/kasprowicz.edu.pl\/wp-content\/uploads\/2021\/03\/IMG_9712-725x1024.jpg\" class=\"\" alt=\"\" srcset=\"https:\/\/kasprowicz.edu.pl\/wp-content\/uploads\/2021\/03\/IMG_9712-725x1024.jpg 725w, https:\/\/kasprowicz.edu.pl\/wp-content\/uploads\/2021\/03\/IMG_9712-213x300.jpg 213w, https:\/\/kasprowicz.edu.pl\/wp-content\/uploads\/2021\/03\/IMG_9712-768x1084.jpg 768w, https:\/\/kasprowicz.edu.pl\/wp-content\/uploads\/2021\/03\/IMG_9712-1088x1536.jpg 1088w, https:\/\/kasprowicz.edu.pl\/wp-content\/uploads\/2021\/03\/IMG_9712-1451x2048.jpg 1451w, https:\/\/kasprowicz.edu.pl\/wp-content\/uploads\/2021\/03\/IMG_9712-scaled.jpg 1813w\" sizes=\"auto, (max-width: 725px) 100vw, 725px\" \/><\/a><\/div><\/div><div class=\"su-image-carousel-item\"><div class=\"su-image-carousel-item-content\"><a href=\"https:\/\/kasprowicz.edu.pl\/wp-content\/uploads\/2021\/03\/DSCN8342-scaled.jpg\" target=\"_blank\" rel=\"noopener noreferrer\" data-caption=\"\"><img loading=\"lazy\" decoding=\"async\" width=\"800\" height=\"1024\" src=\"https:\/\/kasprowicz.edu.pl\/wp-content\/uploads\/2021\/03\/DSCN8342-800x1024.jpg\" class=\"\" alt=\"\" srcset=\"https:\/\/kasprowicz.edu.pl\/wp-content\/uploads\/2021\/03\/DSCN8342-800x1024.jpg 800w, https:\/\/kasprowicz.edu.pl\/wp-content\/uploads\/2021\/03\/DSCN8342-234x300.jpg 234w, https:\/\/kasprowicz.edu.pl\/wp-content\/uploads\/2021\/03\/DSCN8342-768x983.jpg 768w, https:\/\/kasprowicz.edu.pl\/wp-content\/uploads\/2021\/03\/DSCN8342-1200x1536.jpg 1200w, https:\/\/kasprowicz.edu.pl\/wp-content\/uploads\/2021\/03\/DSCN8342-1600x2048.jpg 1600w, https:\/\/kasprowicz.edu.pl\/wp-content\/uploads\/2021\/03\/DSCN8342-scaled.jpg 2000w\" sizes=\"auto, (max-width: 800px) 100vw, 800px\" \/><\/a><\/div><\/div><div class=\"su-image-carousel-item\"><div class=\"su-image-carousel-item-content\"><a href=\"https:\/\/kasprowicz.edu.pl\/wp-content\/uploads\/2021\/03\/DSCN8338-scaled.jpg\" target=\"_blank\" rel=\"noopener noreferrer\" data-caption=\"\"><img loading=\"lazy\" decoding=\"async\" width=\"800\" height=\"598\" src=\"https:\/\/kasprowicz.edu.pl\/wp-content\/uploads\/2021\/03\/DSCN8338-1024x766.jpg\" class=\"\" alt=\"\" srcset=\"https:\/\/kasprowicz.edu.pl\/wp-content\/uploads\/2021\/03\/DSCN8338-1024x766.jpg 1024w, https:\/\/kasprowicz.edu.pl\/wp-content\/uploads\/2021\/03\/DSCN8338-300x225.jpg 300w, https:\/\/kasprowicz.edu.pl\/wp-content\/uploads\/2021\/03\/DSCN8338-768x575.jpg 768w, https:\/\/kasprowicz.edu.pl\/wp-content\/uploads\/2021\/03\/DSCN8338-1536x1150.jpg 1536w\" sizes=\"auto, (max-width: 800px) 100vw, 800px\" \/><\/a><\/div><\/div><div class=\"su-image-carousel-item\"><div class=\"su-image-carousel-item-content\"><a href=\"https:\/\/kasprowicz.edu.pl\/wp-content\/uploads\/2021\/03\/DSCN8336.jpg\" target=\"_blank\" rel=\"noopener noreferrer\" data-caption=\"\"><img loading=\"lazy\" decoding=\"async\" width=\"1\" height=\"1\" src=\"https:\/\/kasprowicz.edu.pl\/wp-content\/uploads\/2021\/03\/DSCN8336.jpg\" class=\"\" alt=\"\" \/><\/a><\/div><\/div><div class=\"su-image-carousel-item\"><div class=\"su-image-carousel-item-content\"><a href=\"https:\/\/kasprowicz.edu.pl\/wp-content\/uploads\/2021\/03\/DSCN8335-scaled.jpg\" target=\"_blank\" rel=\"noopener noreferrer\" data-caption=\"\"><img loading=\"lazy\" decoding=\"async\" width=\"800\" height=\"448\" src=\"https:\/\/kasprowicz.edu.pl\/wp-content\/uploads\/2021\/03\/DSCN8335-1024x574.jpg\" class=\"\" alt=\"\" srcset=\"https:\/\/kasprowicz.edu.pl\/wp-content\/uploads\/2021\/03\/DSCN8335-1024x574.jpg 1024w, https:\/\/kasprowicz.edu.pl\/wp-content\/uploads\/2021\/03\/DSCN8335-300x168.jpg 300w, https:\/\/kasprowicz.edu.pl\/wp-content\/uploads\/2021\/03\/DSCN8335-768x430.jpg 768w, https:\/\/kasprowicz.edu.pl\/wp-content\/uploads\/2021\/03\/DSCN8335-1536x861.jpg 1536w, https:\/\/kasprowicz.edu.pl\/wp-content\/uploads\/2021\/03\/DSCN8335-2048x1148.jpg 2048w\" sizes=\"auto, (max-width: 800px) 100vw, 800px\" \/><\/a><\/div><\/div><div class=\"su-image-carousel-item\"><div class=\"su-image-carousel-item-content\"><a href=\"https:\/\/kasprowicz.edu.pl\/wp-content\/uploads\/2021\/03\/aaa3-scaled.jpg\" target=\"_blank\" rel=\"noopener noreferrer\" data-caption=\"\"><img loading=\"lazy\" decoding=\"async\" width=\"727\" height=\"1024\" src=\"https:\/\/kasprowicz.edu.pl\/wp-content\/uploads\/2021\/03\/aaa3-727x1024.jpg\" class=\"\" alt=\"\" srcset=\"https:\/\/kasprowicz.edu.pl\/wp-content\/uploads\/2021\/03\/aaa3-727x1024.jpg 727w, https:\/\/kasprowicz.edu.pl\/wp-content\/uploads\/2021\/03\/aaa3-213x300.jpg 213w, https:\/\/kasprowicz.edu.pl\/wp-content\/uploads\/2021\/03\/aaa3-768x1082.jpg 768w, https:\/\/kasprowicz.edu.pl\/wp-content\/uploads\/2021\/03\/aaa3-1090x1536.jpg 1090w, https:\/\/kasprowicz.edu.pl\/wp-content\/uploads\/2021\/03\/aaa3-1453x2048.jpg 1453w, https:\/\/kasprowicz.edu.pl\/wp-content\/uploads\/2021\/03\/aaa3-scaled.jpg 1816w\" sizes=\"auto, (max-width: 727px) 100vw, 727px\" \/><\/a><\/div><\/div><div class=\"su-image-carousel-item\"><div class=\"su-image-carousel-item-content\"><a href=\"https:\/\/kasprowicz.edu.pl\/wp-content\/uploads\/2021\/03\/aaa2-scaled.jpg\" target=\"_blank\" rel=\"noopener noreferrer\" data-caption=\"\"><img loading=\"lazy\" decoding=\"async\" width=\"800\" height=\"573\" src=\"https:\/\/kasprowicz.edu.pl\/wp-content\/uploads\/2021\/03\/aaa2-1024x733.jpg\" class=\"\" alt=\"\" srcset=\"https:\/\/kasprowicz.edu.pl\/wp-content\/uploads\/2021\/03\/aaa2-1024x733.jpg 1024w, https:\/\/kasprowicz.edu.pl\/wp-content\/uploads\/2021\/03\/aaa2-300x215.jpg 300w, https:\/\/kasprowicz.edu.pl\/wp-content\/uploads\/2021\/03\/aaa2-768x550.jpg 768w, https:\/\/kasprowicz.edu.pl\/wp-content\/uploads\/2021\/03\/aaa2-1536x1100.jpg 1536w, https:\/\/kasprowicz.edu.pl\/wp-content\/uploads\/2021\/03\/aaa2-2048x1466.jpg 2048w\" sizes=\"auto, (max-width: 800px) 100vw, 800px\" \/><\/a><\/div><\/div><div class=\"su-image-carousel-item\"><div class=\"su-image-carousel-item-content\"><a href=\"https:\/\/kasprowicz.edu.pl\/wp-content\/uploads\/2021\/03\/aaa1-scaled.jpg\" target=\"_blank\" rel=\"noopener noreferrer\" data-caption=\"\"><img loading=\"lazy\" decoding=\"async\" width=\"735\" height=\"1024\" src=\"https:\/\/kasprowicz.edu.pl\/wp-content\/uploads\/2021\/03\/aaa1-735x1024.jpg\" class=\"\" alt=\"\" srcset=\"https:\/\/kasprowicz.edu.pl\/wp-content\/uploads\/2021\/03\/aaa1-735x1024.jpg 735w, https:\/\/kasprowicz.edu.pl\/wp-content\/uploads\/2021\/03\/aaa1-215x300.jpg 215w, https:\/\/kasprowicz.edu.pl\/wp-content\/uploads\/2021\/03\/aaa1-768x1070.jpg 768w, https:\/\/kasprowicz.edu.pl\/wp-content\/uploads\/2021\/03\/aaa1-1102x1536.jpg 1102w, https:\/\/kasprowicz.edu.pl\/wp-content\/uploads\/2021\/03\/aaa1-1469x2048.jpg 1469w, https:\/\/kasprowicz.edu.pl\/wp-content\/uploads\/2021\/03\/aaa1-scaled.jpg 1837w\" sizes=\"auto, (max-width: 735px) 100vw, 735px\" \/><\/a><\/div><\/div><\/div><script id=\"su_image_carousel_69f70982928a7_script\">if(window.SUImageCarousel){setTimeout(function() {window.SUImageCarousel.initGallery(document.getElementById(\"su_image_carousel_69f70982928a7\"))}, 0);}var su_image_carousel_69f70982928a7_script=document.getElementById(\"su_image_carousel_69f70982928a7_script\");if(su_image_carousel_69f70982928a7_script){su_image_carousel_69f70982928a7_script.parentNode.removeChild(su_image_carousel_69f70982928a7_script);}<\/script>\n","protected":false},"excerpt":{"rendered":"<p>Niezwyk\u0142e opowie\u015bci o immunologii na \u201eSpotkaniu z biologi\u0105 w Kasprowiczu\u201d Na styczniowym \u201eSpotkaniu z biologi\u0105 w Kasprowiczu\u201d go\u015bcili\u015bmy Zuzann\u0119 \u0141ukasik,<\/p>\n","protected":false},"author":1,"featured_media":0,"parent":5090,"menu_order":0,"comment_status":"closed","ping_status":"closed","template":"","meta":{"colormag_page_container_layout":"default_layout","colormag_page_sidebar_layout":"default_layout","footnotes":""},"class_list":["post-5237","page","type-page","status-publish","hentry"],"_links":{"self":[{"href":"https:\/\/kasprowicz.edu.pl\/index.php?rest_route=\/wp\/v2\/pages\/5237","targetHints":{"allow":["GET"]}}],"collection":[{"href":"https:\/\/kasprowicz.edu.pl\/index.php?rest_route=\/wp\/v2\/pages"}],"about":[{"href":"https:\/\/kasprowicz.edu.pl\/index.php?rest_route=\/wp\/v2\/types\/page"}],"author":[{"embeddable":true,"href":"https:\/\/kasprowicz.edu.pl\/index.php?rest_route=\/wp\/v2\/users\/1"}],"replies":[{"embeddable":true,"href":"https:\/\/kasprowicz.edu.pl\/index.php?rest_route=%2Fwp%2Fv2%2Fcomments&post=5237"}],"version-history":[{"count":5,"href":"https:\/\/kasprowicz.edu.pl\/index.php?rest_route=\/wp\/v2\/pages\/5237\/revisions"}],"predecessor-version":[{"id":5264,"href":"https:\/\/kasprowicz.edu.pl\/index.php?rest_route=\/wp\/v2\/pages\/5237\/revisions\/5264"}],"up":[{"embeddable":true,"href":"https:\/\/kasprowicz.edu.pl\/index.php?rest_route=\/wp\/v2\/pages\/5090"}],"wp:attachment":[{"href":"https:\/\/kasprowicz.edu.pl\/index.php?rest_route=%2Fwp%2Fv2%2Fmedia&parent=5237"}],"curies":[{"name":"wp","href":"https:\/\/api.w.org\/{rel}","templated":true}]}}