{"id":5208,"date":"2021-03-18T15:34:52","date_gmt":"2021-03-18T14:34:52","guid":{"rendered":"https:\/\/kasprowicz.edu.pl\/?page_id=5208"},"modified":"2021-03-18T15:42:08","modified_gmt":"2021-03-18T14:42:08","slug":"3-biologia-molekularna","status":"publish","type":"page","link":"https:\/\/kasprowicz.edu.pl\/?page_id=5208","title":{"rendered":"3. BIOLOGIA MOLEKULARNA"},"content":{"rendered":"<p align=\"CENTER\"><strong>Dr Takao Ishikawa w Kasprowiczu<\/strong><\/p>\n<p align=\"JUSTIFY\">13 grudnia, ju\u017c po raz trzeci w tym roku szkolnym, odby\u0142o si\u0119 <strong>\u201eSpotkanie z biologi\u0105 w Kasprowiczu\u201d<\/strong>. W murach naszej szko\u0142y go\u015bcili\u015bmy <strong>dr Takao<\/strong> <strong>Ishikaw\u0119 z Zak\u0142adu Biologii Molekularnej Wydzia\u0142u Biologii Uniwersytetu Warszawskiego<\/strong> z wyk\u0142adem \u201eO \u017cyciowych wyborach i biologii molekularnej &#8211; od gen\u00f3w nie ma ucieczki! \u201d. Naukowiec w niezwykle ciekawy i jednocze\u015bnie prosty spos\u00f3b opowiedzia\u0142 o strukturze przestrzennej cz\u0105steczki DNA, prionach i strukturze bia\u0142ek. W lekki i przyst\u0119pny spos\u00f3b pokaza\u0142, \u017ce zaawansowana nauka mo\u017ce by\u0107 zabaw\u0105 . Dr Takao Ishikawa opowiada\u0142 o swojej \u015bcie\u017cce kariery zawodowej i \u017cyciowych wyborach. Zach\u0119ca\u0142 m\u0142odzie\u017c do samodzielnego zg\u0142\u0119biania wiedzy. Na zako\u0144czenie zosta\u0142 przeprowadzony konkurs., a wyr\u00f3\u017cnieni uczniowie otrzymali plecaki z logo Uniwersytetu Warszawskiego. M\u0142odzie\u017c d\u0142ugo nagradza\u0142a oklaskami wyk\u0142adowc\u0119. Cieszymy si\u0119, \u017ce w \u201e Spotkaniach z biologi\u0105 w Kasprowiczu\u201d tak licznie uczestnicz\u0105 uczniowie z kutnowskich szk\u00f3\u0142 podstawowych. Jeste\u015bmy dumni, z tego \u017ce Kasprowicz pe\u0142ni rol\u0119 popularyzatora nauki w \u015brodowisku kutnowskim. Jeszcze raz bardzo dzi\u0119kujemy dr Takao Ishikawie za pobudzenie naszej wyobra\u017ani i zmotywowanie do dalszych poszukiwa\u0144 naukowych! Zapraszamy na kolejne \u201eSpotkanie z biologi\u0105 w Kasprowiczu\u201d ju\u017c 24 stycznia . Tym razem odkryjemy tajniki immunologii.<\/p>\n<p align=\"JUSTIFY\"><span style=\"color: #99ccff;\"><strong>KLIKNIJ W DOWOLNY PLIK:<\/strong><\/span><\/p>\n<p align=\"JUSTIFY\"><div class=\"su-image-carousel  su-image-carousel-columns-4 su-image-carousel-has-spacing su-image-carousel-crop su-image-carousel-crop-4-3 su-image-carousel-has-lightbox su-image-carousel-has-outline su-image-carousel-adaptive su-image-carousel-slides-style-minimal su-image-carousel-controls-style-dark su-image-carousel-align-none\" style=\"\" data-flickity-options='{\"groupCells\":true,\"cellSelector\":\".su-image-carousel-item\",\"adaptiveHeight\":false,\"cellAlign\":\"left\",\"prevNextButtons\":true,\"pageDots\":false,\"autoPlay\":8000,\"imagesLoaded\":true,\"contain\":true,\"selectedAttraction\":0.007,\"friction\":0.25}' id=\"su_image_carousel_69f7099626c67\"><div class=\"su-image-carousel-item\"><div class=\"su-image-carousel-item-content\"><a href=\"https:\/\/kasprowicz.edu.pl\/wp-content\/uploads\/2021\/03\/20181213_112122.jpg\" target=\"_blank\" rel=\"noopener noreferrer\" data-caption=\"\"><img loading=\"lazy\" decoding=\"async\" width=\"800\" height=\"600\" src=\"https:\/\/kasprowicz.edu.pl\/wp-content\/uploads\/2021\/03\/20181213_112122-1024x768.jpg\" class=\"\" alt=\"\" srcset=\"https:\/\/kasprowicz.edu.pl\/wp-content\/uploads\/2021\/03\/20181213_112122-1024x768.jpg 1024w, https:\/\/kasprowicz.edu.pl\/wp-content\/uploads\/2021\/03\/20181213_112122-300x225.jpg 300w, https:\/\/kasprowicz.edu.pl\/wp-content\/uploads\/2021\/03\/20181213_112122-768x576.jpg 768w, https:\/\/kasprowicz.edu.pl\/wp-content\/uploads\/2021\/03\/20181213_112122-1536x1152.jpg 1536w, https:\/\/kasprowicz.edu.pl\/wp-content\/uploads\/2021\/03\/20181213_112122.jpg 1600w\" sizes=\"auto, (max-width: 800px) 100vw, 800px\" \/><\/a><\/div><\/div><div class=\"su-image-carousel-item\"><div class=\"su-image-carousel-item-content\"><a href=\"https:\/\/kasprowicz.edu.pl\/wp-content\/uploads\/2021\/03\/IMG_9571.jpg\" target=\"_blank\" rel=\"noopener noreferrer\" data-caption=\"\"><img loading=\"lazy\" decoding=\"async\" width=\"800\" height=\"534\" src=\"https:\/\/kasprowicz.edu.pl\/wp-content\/uploads\/2021\/03\/IMG_9571-1024x683.jpg\" class=\"\" alt=\"\" srcset=\"https:\/\/kasprowicz.edu.pl\/wp-content\/uploads\/2021\/03\/IMG_9571-1024x683.jpg 1024w, https:\/\/kasprowicz.edu.pl\/wp-content\/uploads\/2021\/03\/IMG_9571-300x200.jpg 300w, https:\/\/kasprowicz.edu.pl\/wp-content\/uploads\/2021\/03\/IMG_9571-768x512.jpg 768w, https:\/\/kasprowicz.edu.pl\/wp-content\/uploads\/2021\/03\/IMG_9571-1536x1024.jpg 1536w, https:\/\/kasprowicz.edu.pl\/wp-content\/uploads\/2021\/03\/IMG_9571.jpg 1600w\" sizes=\"auto, (max-width: 800px) 100vw, 800px\" \/><\/a><\/div><\/div><div class=\"su-image-carousel-item\"><div class=\"su-image-carousel-item-content\"><a href=\"https:\/\/kasprowicz.edu.pl\/wp-content\/uploads\/2021\/03\/IMG_9567.jpg\" target=\"_blank\" rel=\"noopener noreferrer\" data-caption=\"\"><img loading=\"lazy\" decoding=\"async\" width=\"800\" height=\"534\" src=\"https:\/\/kasprowicz.edu.pl\/wp-content\/uploads\/2021\/03\/IMG_9567-1024x683.jpg\" class=\"\" alt=\"\" srcset=\"https:\/\/kasprowicz.edu.pl\/wp-content\/uploads\/2021\/03\/IMG_9567-1024x683.jpg 1024w, https:\/\/kasprowicz.edu.pl\/wp-content\/uploads\/2021\/03\/IMG_9567-300x200.jpg 300w, https:\/\/kasprowicz.edu.pl\/wp-content\/uploads\/2021\/03\/IMG_9567-768x512.jpg 768w, https:\/\/kasprowicz.edu.pl\/wp-content\/uploads\/2021\/03\/IMG_9567-1536x1024.jpg 1536w, https:\/\/kasprowicz.edu.pl\/wp-content\/uploads\/2021\/03\/IMG_9567.jpg 1600w\" sizes=\"auto, (max-width: 800px) 100vw, 800px\" \/><\/a><\/div><\/div><div class=\"su-image-carousel-item\"><div class=\"su-image-carousel-item-content\"><a href=\"https:\/\/kasprowicz.edu.pl\/wp-content\/uploads\/2021\/03\/IMG_9561.jpg\" target=\"_blank\" rel=\"noopener noreferrer\" data-caption=\"\"><img loading=\"lazy\" decoding=\"async\" width=\"800\" height=\"534\" src=\"https:\/\/kasprowicz.edu.pl\/wp-content\/uploads\/2021\/03\/IMG_9561-1024x683.jpg\" class=\"\" alt=\"\" srcset=\"https:\/\/kasprowicz.edu.pl\/wp-content\/uploads\/2021\/03\/IMG_9561-1024x683.jpg 1024w, https:\/\/kasprowicz.edu.pl\/wp-content\/uploads\/2021\/03\/IMG_9561-300x200.jpg 300w, https:\/\/kasprowicz.edu.pl\/wp-content\/uploads\/2021\/03\/IMG_9561-768x512.jpg 768w, https:\/\/kasprowicz.edu.pl\/wp-content\/uploads\/2021\/03\/IMG_9561-1536x1024.jpg 1536w, https:\/\/kasprowicz.edu.pl\/wp-content\/uploads\/2021\/03\/IMG_9561.jpg 1600w\" sizes=\"auto, (max-width: 800px) 100vw, 800px\" \/><\/a><\/div><\/div><div class=\"su-image-carousel-item\"><div class=\"su-image-carousel-item-content\"><a href=\"https:\/\/kasprowicz.edu.pl\/wp-content\/uploads\/2021\/03\/IMG_9556.jpg\" target=\"_blank\" rel=\"noopener noreferrer\" data-caption=\"\"><img loading=\"lazy\" decoding=\"async\" width=\"800\" height=\"534\" src=\"https:\/\/kasprowicz.edu.pl\/wp-content\/uploads\/2021\/03\/IMG_9556-1024x683.jpg\" class=\"\" alt=\"\" srcset=\"https:\/\/kasprowicz.edu.pl\/wp-content\/uploads\/2021\/03\/IMG_9556-1024x683.jpg 1024w, https:\/\/kasprowicz.edu.pl\/wp-content\/uploads\/2021\/03\/IMG_9556-300x200.jpg 300w, https:\/\/kasprowicz.edu.pl\/wp-content\/uploads\/2021\/03\/IMG_9556-768x512.jpg 768w, https:\/\/kasprowicz.edu.pl\/wp-content\/uploads\/2021\/03\/IMG_9556-1536x1024.jpg 1536w, https:\/\/kasprowicz.edu.pl\/wp-content\/uploads\/2021\/03\/IMG_9556.jpg 1600w\" sizes=\"auto, (max-width: 800px) 100vw, 800px\" \/><\/a><\/div><\/div><div class=\"su-image-carousel-item\"><div class=\"su-image-carousel-item-content\"><a href=\"https:\/\/kasprowicz.edu.pl\/wp-content\/uploads\/2021\/03\/IMG_9555.jpg\" target=\"_blank\" rel=\"noopener noreferrer\" data-caption=\"\"><img loading=\"lazy\" decoding=\"async\" width=\"800\" height=\"534\" src=\"https:\/\/kasprowicz.edu.pl\/wp-content\/uploads\/2021\/03\/IMG_9555-1024x683.jpg\" class=\"\" alt=\"\" srcset=\"https:\/\/kasprowicz.edu.pl\/wp-content\/uploads\/2021\/03\/IMG_9555-1024x683.jpg 1024w, https:\/\/kasprowicz.edu.pl\/wp-content\/uploads\/2021\/03\/IMG_9555-300x200.jpg 300w, https:\/\/kasprowicz.edu.pl\/wp-content\/uploads\/2021\/03\/IMG_9555-768x512.jpg 768w, https:\/\/kasprowicz.edu.pl\/wp-content\/uploads\/2021\/03\/IMG_9555-1536x1024.jpg 1536w, https:\/\/kasprowicz.edu.pl\/wp-content\/uploads\/2021\/03\/IMG_9555.jpg 1600w\" sizes=\"auto, (max-width: 800px) 100vw, 800px\" \/><\/a><\/div><\/div><div class=\"su-image-carousel-item\"><div class=\"su-image-carousel-item-content\"><a href=\"https:\/\/kasprowicz.edu.pl\/wp-content\/uploads\/2021\/03\/IMG_9549.jpg\" target=\"_blank\" rel=\"noopener noreferrer\" data-caption=\"\"><img loading=\"lazy\" decoding=\"async\" width=\"683\" height=\"1024\" src=\"https:\/\/kasprowicz.edu.pl\/wp-content\/uploads\/2021\/03\/IMG_9549-683x1024.jpg\" class=\"\" alt=\"\" srcset=\"https:\/\/kasprowicz.edu.pl\/wp-content\/uploads\/2021\/03\/IMG_9549-683x1024.jpg 683w, https:\/\/kasprowicz.edu.pl\/wp-content\/uploads\/2021\/03\/IMG_9549-200x300.jpg 200w, https:\/\/kasprowicz.edu.pl\/wp-content\/uploads\/2021\/03\/IMG_9549-768x1152.jpg 768w, https:\/\/kasprowicz.edu.pl\/wp-content\/uploads\/2021\/03\/IMG_9549.jpg 800w\" sizes=\"auto, (max-width: 683px) 100vw, 683px\" \/><\/a><\/div><\/div><div class=\"su-image-carousel-item\"><div class=\"su-image-carousel-item-content\"><a href=\"https:\/\/kasprowicz.edu.pl\/wp-content\/uploads\/2021\/03\/IMG_9545.jpg\" target=\"_blank\" rel=\"noopener noreferrer\" data-caption=\"\"><img loading=\"lazy\" decoding=\"async\" width=\"800\" height=\"534\" src=\"https:\/\/kasprowicz.edu.pl\/wp-content\/uploads\/2021\/03\/IMG_9545-1024x683.jpg\" class=\"\" alt=\"\" srcset=\"https:\/\/kasprowicz.edu.pl\/wp-content\/uploads\/2021\/03\/IMG_9545-1024x683.jpg 1024w, https:\/\/kasprowicz.edu.pl\/wp-content\/uploads\/2021\/03\/IMG_9545-300x200.jpg 300w, https:\/\/kasprowicz.edu.pl\/wp-content\/uploads\/2021\/03\/IMG_9545-768x512.jpg 768w, https:\/\/kasprowicz.edu.pl\/wp-content\/uploads\/2021\/03\/IMG_9545-1536x1024.jpg 1536w, https:\/\/kasprowicz.edu.pl\/wp-content\/uploads\/2021\/03\/IMG_9545.jpg 1600w\" sizes=\"auto, (max-width: 800px) 100vw, 800px\" \/><\/a><\/div><\/div><div class=\"su-image-carousel-item\"><div class=\"su-image-carousel-item-content\"><a href=\"https:\/\/kasprowicz.edu.pl\/wp-content\/uploads\/2021\/03\/IMG_9544.jpg\" target=\"_blank\" rel=\"noopener noreferrer\" data-caption=\"\"><img loading=\"lazy\" decoding=\"async\" width=\"800\" height=\"534\" src=\"https:\/\/kasprowicz.edu.pl\/wp-content\/uploads\/2021\/03\/IMG_9544-1024x683.jpg\" class=\"\" alt=\"\" srcset=\"https:\/\/kasprowicz.edu.pl\/wp-content\/uploads\/2021\/03\/IMG_9544-1024x683.jpg 1024w, https:\/\/kasprowicz.edu.pl\/wp-content\/uploads\/2021\/03\/IMG_9544-300x200.jpg 300w, https:\/\/kasprowicz.edu.pl\/wp-content\/uploads\/2021\/03\/IMG_9544-768x512.jpg 768w, https:\/\/kasprowicz.edu.pl\/wp-content\/uploads\/2021\/03\/IMG_9544-1536x1024.jpg 1536w, https:\/\/kasprowicz.edu.pl\/wp-content\/uploads\/2021\/03\/IMG_9544.jpg 1600w\" sizes=\"auto, (max-width: 800px) 100vw, 800px\" \/><\/a><\/div><\/div><div class=\"su-image-carousel-item\"><div class=\"su-image-carousel-item-content\"><a href=\"https:\/\/kasprowicz.edu.pl\/wp-content\/uploads\/2021\/03\/IMG_9540.jpg\" target=\"_blank\" rel=\"noopener noreferrer\" data-caption=\"\"><img loading=\"lazy\" decoding=\"async\" width=\"800\" height=\"534\" src=\"https:\/\/kasprowicz.edu.pl\/wp-content\/uploads\/2021\/03\/IMG_9540-1024x683.jpg\" class=\"\" alt=\"\" srcset=\"https:\/\/kasprowicz.edu.pl\/wp-content\/uploads\/2021\/03\/IMG_9540-1024x683.jpg 1024w, https:\/\/kasprowicz.edu.pl\/wp-content\/uploads\/2021\/03\/IMG_9540-300x200.jpg 300w, https:\/\/kasprowicz.edu.pl\/wp-content\/uploads\/2021\/03\/IMG_9540-768x512.jpg 768w, https:\/\/kasprowicz.edu.pl\/wp-content\/uploads\/2021\/03\/IMG_9540-1536x1024.jpg 1536w, https:\/\/kasprowicz.edu.pl\/wp-content\/uploads\/2021\/03\/IMG_9540.jpg 1600w\" sizes=\"auto, (max-width: 800px) 100vw, 800px\" \/><\/a><\/div><\/div><div class=\"su-image-carousel-item\"><div class=\"su-image-carousel-item-content\"><a href=\"https:\/\/kasprowicz.edu.pl\/wp-content\/uploads\/2021\/03\/DSCN8252.jpg\" target=\"_blank\" rel=\"noopener noreferrer\" data-caption=\"\"><img loading=\"lazy\" decoding=\"async\" width=\"800\" height=\"800\" src=\"https:\/\/kasprowicz.edu.pl\/wp-content\/uploads\/2021\/03\/DSCN8252-1024x1024.jpg\" class=\"\" alt=\"\" srcset=\"https:\/\/kasprowicz.edu.pl\/wp-content\/uploads\/2021\/03\/DSCN8252-1024x1024.jpg 1024w, https:\/\/kasprowicz.edu.pl\/wp-content\/uploads\/2021\/03\/DSCN8252-300x300.jpg 300w, https:\/\/kasprowicz.edu.pl\/wp-content\/uploads\/2021\/03\/DSCN8252-150x150.jpg 150w, https:\/\/kasprowicz.edu.pl\/wp-content\/uploads\/2021\/03\/DSCN8252-768x768.jpg 768w, https:\/\/kasprowicz.edu.pl\/wp-content\/uploads\/2021\/03\/DSCN8252.jpg 1200w\" sizes=\"auto, (max-width: 800px) 100vw, 800px\" \/><\/a><\/div><\/div><div class=\"su-image-carousel-item\"><div class=\"su-image-carousel-item-content\"><a href=\"https:\/\/kasprowicz.edu.pl\/wp-content\/uploads\/2021\/03\/DSCN8245.jpg\" target=\"_blank\" rel=\"noopener noreferrer\" data-caption=\"\"><img loading=\"lazy\" decoding=\"async\" width=\"800\" height=\"800\" src=\"https:\/\/kasprowicz.edu.pl\/wp-content\/uploads\/2021\/03\/DSCN8245-1024x1024.jpg\" class=\"\" alt=\"\" srcset=\"https:\/\/kasprowicz.edu.pl\/wp-content\/uploads\/2021\/03\/DSCN8245-1024x1024.jpg 1024w, https:\/\/kasprowicz.edu.pl\/wp-content\/uploads\/2021\/03\/DSCN8245-300x300.jpg 300w, https:\/\/kasprowicz.edu.pl\/wp-content\/uploads\/2021\/03\/DSCN8245-150x150.jpg 150w, https:\/\/kasprowicz.edu.pl\/wp-content\/uploads\/2021\/03\/DSCN8245-768x768.jpg 768w, https:\/\/kasprowicz.edu.pl\/wp-content\/uploads\/2021\/03\/DSCN8245.jpg 1200w\" sizes=\"auto, (max-width: 800px) 100vw, 800px\" \/><\/a><\/div><\/div><div class=\"su-image-carousel-item\"><div class=\"su-image-carousel-item-content\"><a href=\"https:\/\/kasprowicz.edu.pl\/wp-content\/uploads\/2021\/03\/DSCN8241.jpg\" target=\"_blank\" rel=\"noopener noreferrer\" data-caption=\"\"><img loading=\"lazy\" decoding=\"async\" width=\"800\" height=\"800\" src=\"https:\/\/kasprowicz.edu.pl\/wp-content\/uploads\/2021\/03\/DSCN8241-1024x1024.jpg\" class=\"\" alt=\"\" srcset=\"https:\/\/kasprowicz.edu.pl\/wp-content\/uploads\/2021\/03\/DSCN8241-1024x1024.jpg 1024w, https:\/\/kasprowicz.edu.pl\/wp-content\/uploads\/2021\/03\/DSCN8241-300x300.jpg 300w, https:\/\/kasprowicz.edu.pl\/wp-content\/uploads\/2021\/03\/DSCN8241-150x150.jpg 150w, https:\/\/kasprowicz.edu.pl\/wp-content\/uploads\/2021\/03\/DSCN8241-768x768.jpg 768w, https:\/\/kasprowicz.edu.pl\/wp-content\/uploads\/2021\/03\/DSCN8241.jpg 1200w\" sizes=\"auto, (max-width: 800px) 100vw, 800px\" \/><\/a><\/div><\/div><div class=\"su-image-carousel-item\"><div class=\"su-image-carousel-item-content\"><a href=\"https:\/\/kasprowicz.edu.pl\/wp-content\/uploads\/2021\/03\/DSCN8239.jpg\" target=\"_blank\" rel=\"noopener noreferrer\" data-caption=\"\"><img loading=\"lazy\" decoding=\"async\" width=\"800\" height=\"800\" src=\"https:\/\/kasprowicz.edu.pl\/wp-content\/uploads\/2021\/03\/DSCN8239-1024x1024.jpg\" class=\"\" alt=\"\" srcset=\"https:\/\/kasprowicz.edu.pl\/wp-content\/uploads\/2021\/03\/DSCN8239-1024x1024.jpg 1024w, https:\/\/kasprowicz.edu.pl\/wp-content\/uploads\/2021\/03\/DSCN8239-300x300.jpg 300w, https:\/\/kasprowicz.edu.pl\/wp-content\/uploads\/2021\/03\/DSCN8239-150x150.jpg 150w, https:\/\/kasprowicz.edu.pl\/wp-content\/uploads\/2021\/03\/DSCN8239-768x768.jpg 768w, https:\/\/kasprowicz.edu.pl\/wp-content\/uploads\/2021\/03\/DSCN8239.jpg 1200w\" sizes=\"auto, (max-width: 800px) 100vw, 800px\" \/><\/a><\/div><\/div><div class=\"su-image-carousel-item\"><div class=\"su-image-carousel-item-content\"><a href=\"https:\/\/kasprowicz.edu.pl\/wp-content\/uploads\/2021\/03\/DSCN8235.jpg\" target=\"_blank\" rel=\"noopener noreferrer\" data-caption=\"\"><img loading=\"lazy\" decoding=\"async\" width=\"800\" height=\"800\" src=\"https:\/\/kasprowicz.edu.pl\/wp-content\/uploads\/2021\/03\/DSCN8235-1024x1024.jpg\" class=\"\" alt=\"\" srcset=\"https:\/\/kasprowicz.edu.pl\/wp-content\/uploads\/2021\/03\/DSCN8235-1024x1024.jpg 1024w, https:\/\/kasprowicz.edu.pl\/wp-content\/uploads\/2021\/03\/DSCN8235-300x300.jpg 300w, https:\/\/kasprowicz.edu.pl\/wp-content\/uploads\/2021\/03\/DSCN8235-150x150.jpg 150w, https:\/\/kasprowicz.edu.pl\/wp-content\/uploads\/2021\/03\/DSCN8235-768x768.jpg 768w, https:\/\/kasprowicz.edu.pl\/wp-content\/uploads\/2021\/03\/DSCN8235.jpg 1200w\" sizes=\"auto, (max-width: 800px) 100vw, 800px\" \/><\/a><\/div><\/div><div class=\"su-image-carousel-item\"><div class=\"su-image-carousel-item-content\"><a href=\"https:\/\/kasprowicz.edu.pl\/wp-content\/uploads\/2021\/03\/20181213_123519.jpg\" target=\"_blank\" rel=\"noopener noreferrer\" data-caption=\"\"><img loading=\"lazy\" decoding=\"async\" width=\"800\" height=\"600\" src=\"https:\/\/kasprowicz.edu.pl\/wp-content\/uploads\/2021\/03\/20181213_123519-1024x768.jpg\" class=\"\" alt=\"\" srcset=\"https:\/\/kasprowicz.edu.pl\/wp-content\/uploads\/2021\/03\/20181213_123519-1024x768.jpg 1024w, https:\/\/kasprowicz.edu.pl\/wp-content\/uploads\/2021\/03\/20181213_123519-300x225.jpg 300w, https:\/\/kasprowicz.edu.pl\/wp-content\/uploads\/2021\/03\/20181213_123519-768x576.jpg 768w, https:\/\/kasprowicz.edu.pl\/wp-content\/uploads\/2021\/03\/20181213_123519-1536x1152.jpg 1536w, https:\/\/kasprowicz.edu.pl\/wp-content\/uploads\/2021\/03\/20181213_123519.jpg 1600w\" sizes=\"auto, (max-width: 800px) 100vw, 800px\" \/><\/a><\/div><\/div><div class=\"su-image-carousel-item\"><div class=\"su-image-carousel-item-content\"><a href=\"https:\/\/kasprowicz.edu.pl\/wp-content\/uploads\/2021\/03\/20181213_123517.jpg\" target=\"_blank\" rel=\"noopener noreferrer\" data-caption=\"\"><img loading=\"lazy\" decoding=\"async\" width=\"800\" height=\"600\" src=\"https:\/\/kasprowicz.edu.pl\/wp-content\/uploads\/2021\/03\/20181213_123517-1024x768.jpg\" class=\"\" alt=\"\" srcset=\"https:\/\/kasprowicz.edu.pl\/wp-content\/uploads\/2021\/03\/20181213_123517-1024x768.jpg 1024w, https:\/\/kasprowicz.edu.pl\/wp-content\/uploads\/2021\/03\/20181213_123517-300x225.jpg 300w, https:\/\/kasprowicz.edu.pl\/wp-content\/uploads\/2021\/03\/20181213_123517-768x576.jpg 768w, https:\/\/kasprowicz.edu.pl\/wp-content\/uploads\/2021\/03\/20181213_123517-1536x1152.jpg 1536w, https:\/\/kasprowicz.edu.pl\/wp-content\/uploads\/2021\/03\/20181213_123517.jpg 1600w\" sizes=\"auto, (max-width: 800px) 100vw, 800px\" \/><\/a><\/div><\/div><div class=\"su-image-carousel-item\"><div class=\"su-image-carousel-item-content\"><a href=\"https:\/\/kasprowicz.edu.pl\/wp-content\/uploads\/2021\/03\/20181213_120649.jpg\" target=\"_blank\" rel=\"noopener noreferrer\" data-caption=\"\"><img loading=\"lazy\" decoding=\"async\" width=\"800\" height=\"600\" src=\"https:\/\/kasprowicz.edu.pl\/wp-content\/uploads\/2021\/03\/20181213_120649-1024x768.jpg\" class=\"\" alt=\"\" srcset=\"https:\/\/kasprowicz.edu.pl\/wp-content\/uploads\/2021\/03\/20181213_120649-1024x768.jpg 1024w, https:\/\/kasprowicz.edu.pl\/wp-content\/uploads\/2021\/03\/20181213_120649-300x225.jpg 300w, https:\/\/kasprowicz.edu.pl\/wp-content\/uploads\/2021\/03\/20181213_120649-768x576.jpg 768w, https:\/\/kasprowicz.edu.pl\/wp-content\/uploads\/2021\/03\/20181213_120649-1536x1152.jpg 1536w, https:\/\/kasprowicz.edu.pl\/wp-content\/uploads\/2021\/03\/20181213_120649.jpg 1600w\" sizes=\"auto, (max-width: 800px) 100vw, 800px\" \/><\/a><\/div><\/div><div class=\"su-image-carousel-item\"><div class=\"su-image-carousel-item-content\"><a href=\"https:\/\/kasprowicz.edu.pl\/wp-content\/uploads\/2021\/03\/20181213_114434.jpg\" target=\"_blank\" rel=\"noopener noreferrer\" data-caption=\"\"><img loading=\"lazy\" decoding=\"async\" width=\"800\" height=\"600\" src=\"https:\/\/kasprowicz.edu.pl\/wp-content\/uploads\/2021\/03\/20181213_114434-1024x768.jpg\" class=\"\" alt=\"\" srcset=\"https:\/\/kasprowicz.edu.pl\/wp-content\/uploads\/2021\/03\/20181213_114434-1024x768.jpg 1024w, https:\/\/kasprowicz.edu.pl\/wp-content\/uploads\/2021\/03\/20181213_114434-300x225.jpg 300w, https:\/\/kasprowicz.edu.pl\/wp-content\/uploads\/2021\/03\/20181213_114434-768x576.jpg 768w, https:\/\/kasprowicz.edu.pl\/wp-content\/uploads\/2021\/03\/20181213_114434-1536x1152.jpg 1536w, https:\/\/kasprowicz.edu.pl\/wp-content\/uploads\/2021\/03\/20181213_114434.jpg 1600w\" sizes=\"auto, (max-width: 800px) 100vw, 800px\" \/><\/a><\/div><\/div><div class=\"su-image-carousel-item\"><div class=\"su-image-carousel-item-content\"><a href=\"https:\/\/kasprowicz.edu.pl\/wp-content\/uploads\/2021\/03\/20181213_113309.jpg\" target=\"_blank\" rel=\"noopener noreferrer\" data-caption=\"\"><img loading=\"lazy\" decoding=\"async\" width=\"800\" height=\"600\" src=\"https:\/\/kasprowicz.edu.pl\/wp-content\/uploads\/2021\/03\/20181213_113309-1024x768.jpg\" class=\"\" alt=\"\" srcset=\"https:\/\/kasprowicz.edu.pl\/wp-content\/uploads\/2021\/03\/20181213_113309-1024x768.jpg 1024w, https:\/\/kasprowicz.edu.pl\/wp-content\/uploads\/2021\/03\/20181213_113309-300x225.jpg 300w, https:\/\/kasprowicz.edu.pl\/wp-content\/uploads\/2021\/03\/20181213_113309-768x576.jpg 768w, https:\/\/kasprowicz.edu.pl\/wp-content\/uploads\/2021\/03\/20181213_113309-1536x1152.jpg 1536w, https:\/\/kasprowicz.edu.pl\/wp-content\/uploads\/2021\/03\/20181213_113309.jpg 1600w\" sizes=\"auto, (max-width: 800px) 100vw, 800px\" \/><\/a><\/div><\/div><div class=\"su-image-carousel-item\"><div class=\"su-image-carousel-item-content\"><a href=\"https:\/\/kasprowicz.edu.pl\/wp-content\/uploads\/2021\/03\/20181213_113002.jpg\" target=\"_blank\" rel=\"noopener noreferrer\" data-caption=\"\"><img loading=\"lazy\" decoding=\"async\" width=\"800\" height=\"600\" src=\"https:\/\/kasprowicz.edu.pl\/wp-content\/uploads\/2021\/03\/20181213_113002-1024x768.jpg\" class=\"\" alt=\"\" srcset=\"https:\/\/kasprowicz.edu.pl\/wp-content\/uploads\/2021\/03\/20181213_113002-1024x768.jpg 1024w, https:\/\/kasprowicz.edu.pl\/wp-content\/uploads\/2021\/03\/20181213_113002-300x225.jpg 300w, https:\/\/kasprowicz.edu.pl\/wp-content\/uploads\/2021\/03\/20181213_113002-768x576.jpg 768w, https:\/\/kasprowicz.edu.pl\/wp-content\/uploads\/2021\/03\/20181213_113002-1536x1152.jpg 1536w, https:\/\/kasprowicz.edu.pl\/wp-content\/uploads\/2021\/03\/20181213_113002.jpg 1600w\" sizes=\"auto, (max-width: 800px) 100vw, 800px\" \/><\/a><\/div><\/div><div class=\"su-image-carousel-item\"><div class=\"su-image-carousel-item-content\"><a href=\"https:\/\/kasprowicz.edu.pl\/wp-content\/uploads\/2021\/03\/20181213_112127.jpg\" target=\"_blank\" rel=\"noopener noreferrer\" data-caption=\"\"><img loading=\"lazy\" decoding=\"async\" width=\"800\" height=\"600\" src=\"https:\/\/kasprowicz.edu.pl\/wp-content\/uploads\/2021\/03\/20181213_112127-1024x768.jpg\" class=\"\" alt=\"\" srcset=\"https:\/\/kasprowicz.edu.pl\/wp-content\/uploads\/2021\/03\/20181213_112127-1024x768.jpg 1024w, https:\/\/kasprowicz.edu.pl\/wp-content\/uploads\/2021\/03\/20181213_112127-300x225.jpg 300w, https:\/\/kasprowicz.edu.pl\/wp-content\/uploads\/2021\/03\/20181213_112127-768x576.jpg 768w, https:\/\/kasprowicz.edu.pl\/wp-content\/uploads\/2021\/03\/20181213_112127-1536x1152.jpg 1536w, https:\/\/kasprowicz.edu.pl\/wp-content\/uploads\/2021\/03\/20181213_112127.jpg 1600w\" sizes=\"auto, (max-width: 800px) 100vw, 800px\" \/><\/a><\/div><\/div><\/div><script id=\"su_image_carousel_69f7099626c67_script\">if(window.SUImageCarousel){setTimeout(function() {window.SUImageCarousel.initGallery(document.getElementById(\"su_image_carousel_69f7099626c67\"))}, 0);}var su_image_carousel_69f7099626c67_script=document.getElementById(\"su_image_carousel_69f7099626c67_script\");if(su_image_carousel_69f7099626c67_script){su_image_carousel_69f7099626c67_script.parentNode.removeChild(su_image_carousel_69f7099626c67_script);}<\/script>\n","protected":false},"excerpt":{"rendered":"<p>Dr Takao Ishikawa w Kasprowiczu 13 grudnia, ju\u017c po raz trzeci w tym roku szkolnym, odby\u0142o si\u0119 \u201eSpotkanie z biologi\u0105<\/p>\n","protected":false},"author":1,"featured_media":0,"parent":5090,"menu_order":0,"comment_status":"closed","ping_status":"closed","template":"","meta":{"colormag_page_container_layout":"default_layout","colormag_page_sidebar_layout":"default_layout","footnotes":""},"class_list":["post-5208","page","type-page","status-publish","hentry"],"_links":{"self":[{"href":"https:\/\/kasprowicz.edu.pl\/index.php?rest_route=\/wp\/v2\/pages\/5208","targetHints":{"allow":["GET"]}}],"collection":[{"href":"https:\/\/kasprowicz.edu.pl\/index.php?rest_route=\/wp\/v2\/pages"}],"about":[{"href":"https:\/\/kasprowicz.edu.pl\/index.php?rest_route=\/wp\/v2\/types\/page"}],"author":[{"embeddable":true,"href":"https:\/\/kasprowicz.edu.pl\/index.php?rest_route=\/wp\/v2\/users\/1"}],"replies":[{"embeddable":true,"href":"https:\/\/kasprowicz.edu.pl\/index.php?rest_route=%2Fwp%2Fv2%2Fcomments&post=5208"}],"version-history":[{"count":4,"href":"https:\/\/kasprowicz.edu.pl\/index.php?rest_route=\/wp\/v2\/pages\/5208\/revisions"}],"predecessor-version":[{"id":5236,"href":"https:\/\/kasprowicz.edu.pl\/index.php?rest_route=\/wp\/v2\/pages\/5208\/revisions\/5236"}],"up":[{"embeddable":true,"href":"https:\/\/kasprowicz.edu.pl\/index.php?rest_route=\/wp\/v2\/pages\/5090"}],"wp:attachment":[{"href":"https:\/\/kasprowicz.edu.pl\/index.php?rest_route=%2Fwp%2Fv2%2Fmedia&parent=5208"}],"curies":[{"name":"wp","href":"https:\/\/api.w.org\/{rel}","templated":true}]}}