{"id":3481,"date":"2021-01-27T11:09:49","date_gmt":"2021-01-27T10:09:49","guid":{"rendered":"https:\/\/kasprowicz.edu.pl\/?page_id=3481"},"modified":"2026-04-13T15:19:18","modified_gmt":"2026-04-13T13:19:18","slug":"samorzad-uczniowski-2","status":"publish","type":"page","link":"https:\/\/kasprowicz.edu.pl\/?page_id=3481","title":{"rendered":"SAMORZ\u0104D UCZNIOWSKI"},"content":{"rendered":"<p><span style=\"font-size: 28px;\"><strong>Rok szkolny 2025\/2026<\/strong><\/span><\/p>\n<p>&nbsp;<\/p>\n<p><span style=\"font-size: 18px;\">Przewodnicz\u0105cy Samorz\u0105du Uczniowskiego <\/span><\/p>\n<p><span style=\"font-size: 18px;\"><strong>Tobiasz Drabik<\/strong> klasa IIIC<\/span><\/p>\n<p>&nbsp;<\/p>\n<p><span style=\"font-size: 18px;\">Zast\u0119pca Przewodnicz\u0105cego Samorz\u0105du Uczniowskiego <\/span><\/p>\n<p><span style=\"font-size: 18px;\"><strong>Mateusz Grzelak<\/strong> klasa IIIC<\/span><\/p>\n<p>&nbsp;<\/p>\n<p><span style=\"font-size: 18px;\">Opiekunowie Samorz\u0105du Uczniowskiego: <\/span><\/p>\n<p><span style=\"font-size: 18px;\">mgr <strong>Daniel Mijas<\/strong> <\/span><\/p>\n<p><span style=\"font-size: 18px;\">mgr <strong>Anna Krukowska-Fuda\u0142a<\/strong><\/span><\/p>\n<p>&nbsp;<\/p>\n<p>&nbsp;<\/p>\n<p>&nbsp;<\/p>\n<p>&nbsp;<\/p>\n<p><img loading=\"lazy\" decoding=\"async\" class=\"size-medium wp-image-4519 aligncenter\" src=\"https:\/\/kasprowicz.edu.pl\/wp-content\/uploads\/2021\/03\/duz\u0307y-baner-na-strone\u0328-RCPS-telefon-zaufania-cd2-300x225.jpg\" alt=\"\" width=\"300\" height=\"225\" srcset=\"https:\/\/kasprowicz.edu.pl\/wp-content\/uploads\/2021\/03\/duz\u0307y-baner-na-strone\u0328-RCPS-telefon-zaufania-cd2-300x225.jpg 300w, https:\/\/kasprowicz.edu.pl\/wp-content\/uploads\/2021\/03\/duz\u0307y-baner-na-strone\u0328-RCPS-telefon-zaufania-cd2-1024x768.jpg 1024w, https:\/\/kasprowicz.edu.pl\/wp-content\/uploads\/2021\/03\/duz\u0307y-baner-na-strone\u0328-RCPS-telefon-zaufania-cd2-768x576.jpg 768w, https:\/\/kasprowicz.edu.pl\/wp-content\/uploads\/2021\/03\/duz\u0307y-baner-na-strone\u0328-RCPS-telefon-zaufania-cd2.jpg 1334w\" sizes=\"auto, (max-width: 300px) 100vw, 300px\" \/><\/p>\n","protected":false},"excerpt":{"rendered":"<p>Rok szkolny 2025\/2026 &nbsp; Przewodnicz\u0105cy Samorz\u0105du Uczniowskiego Tobiasz Drabik klasa IIIC &nbsp; Zast\u0119pca Przewodnicz\u0105cego Samorz\u0105du Uczniowskiego Mateusz Grzelak klasa IIIC<\/p>\n","protected":false},"author":1,"featured_media":0,"parent":1036,"menu_order":0,"comment_status":"closed","ping_status":"closed","template":"","meta":{"colormag_page_container_layout":"default_layout","colormag_page_sidebar_layout":"default_layout","footnotes":""},"class_list":["post-3481","page","type-page","status-publish","hentry"],"_links":{"self":[{"href":"https:\/\/kasprowicz.edu.pl\/index.php?rest_route=\/wp\/v2\/pages\/3481","targetHints":{"allow":["GET"]}}],"collection":[{"href":"https:\/\/kasprowicz.edu.pl\/index.php?rest_route=\/wp\/v2\/pages"}],"about":[{"href":"https:\/\/kasprowicz.edu.pl\/index.php?rest_route=\/wp\/v2\/types\/page"}],"author":[{"embeddable":true,"href":"https:\/\/kasprowicz.edu.pl\/index.php?rest_route=\/wp\/v2\/users\/1"}],"replies":[{"embeddable":true,"href":"https:\/\/kasprowicz.edu.pl\/index.php?rest_route=%2Fwp%2Fv2%2Fcomments&post=3481"}],"version-history":[{"count":16,"href":"https:\/\/kasprowicz.edu.pl\/index.php?rest_route=\/wp\/v2\/pages\/3481\/revisions"}],"predecessor-version":[{"id":16338,"href":"https:\/\/kasprowicz.edu.pl\/index.php?rest_route=\/wp\/v2\/pages\/3481\/revisions\/16338"}],"up":[{"embeddable":true,"href":"https:\/\/kasprowicz.edu.pl\/index.php?rest_route=\/wp\/v2\/pages\/1036"}],"wp:attachment":[{"href":"https:\/\/kasprowicz.edu.pl\/index.php?rest_route=%2Fwp%2Fv2%2Fmedia&parent=3481"}],"curies":[{"name":"wp","href":"https:\/\/api.w.org\/{rel}","templated":true}]}}