{"id":1361,"date":"2020-10-06T07:27:09","date_gmt":"2020-10-06T05:27:09","guid":{"rendered":"https:\/\/v2020.kasprowicz.edu.pl\/?page_id=1361"},"modified":"2026-04-15T10:04:34","modified_gmt":"2026-04-15T08:04:34","slug":"biblioteka","status":"publish","type":"page","link":"https:\/\/kasprowicz.edu.pl\/?page_id=1361","title":{"rendered":"BIBLIOTEKA"},"content":{"rendered":"<div style=\"text-align: center;\"><strong>GODZINY PRACY <\/strong> <strong>WYPO\u017bYCZALNI I CZYTELNI W ROKU SZKOLNYM 2023\/2024<br \/>\n<\/strong><\/div>\n<p style=\"text-align: left; padding-left: 560px;\">Poniedzia\u0142ek\u00a0\u00a0\u00a0\u00a0 08.00-14.00<\/p>\n<p style=\"text-align: left; padding-left: 560px;\">Wtorek \u00a0\u00a0\u00a0\u00a0\u00a0\u00a0\u00a0\u00a0\u00a0\u00a0\u00a0\u00a0\u00a0\u00a0 08.00-15.00<\/p>\n<p style=\"text-align: left; padding-left: 560px;\">\u015aroda \u00a0\u00a0\u00a0\u00a0\u00a0\u00a0\u00a0\u00a0\u00a0\u00a0\u00a0\u00a0\u00a0\u00a0\u00a0\u00a0\u00a0\u00a0 09.00-15.30<\/p>\n<p style=\"text-align: left; padding-left: 560px;\">Czwartek \u00a0\u00a0\u00a0\u00a0\u00a0\u00a0\u00a0\u00a0\u00a0\u00a0 08.00-14.30<\/p>\n<p style=\"text-align: left; padding-left: 560px;\">Pi\u0105tek\u00a0\u00a0\u00a0\u00a0\u00a0\u00a0\u00a0\u00a0\u00a0\u00a0\u00a0\u00a0\u00a0\u00a0\u00a0\u00a0\u00a0\u00a0 08.00-15.30<\/p>\n<p>&nbsp;<\/p>\n<div style=\"text-align: center;\"><\/div>\n<div style=\"text-align: center;\">Bibliotekarz:<\/div>\n<div style=\"text-align: center;\"><\/div>\n<div style=\"text-align: center;\"><strong>Mgr Piotr Staniszewski<br \/>\n<\/strong><\/div>\n<div><\/div>\n<p><strong>ZBIORY<\/strong><\/p>\n<p>Biblioteka szkolna liczy ponad 17 tysi\u0119cy wolumin\u00f3w. Mo\u017cna w niej znale\u017a\u0107 m.in. lektury, opracowania, monografie, beletrystyk\u0119, wydawnictwa naukowe, s\u0142owniki, podr\u0119czniki\u2026<\/p>\n<p>W czytelni do dyspozycji uczni\u00f3w i pracownik\u00f3w szko\u0142y s\u0105 czasopisma, filmy i podr\u0119czny ksi\u0119gozbi\u00f3r. Mo\u017cna r\u00f3wnie\u017c skorzysta\u0107 ze s\u0142ownik\u00f3w, encyklopedii, przejrze\u0107 albumy.<\/p>\n<p><strong>Og\u00f3lne zasady korzystania z biblioteki<\/strong><\/p>\n<ul>\n<li>Z biblioteki mog\u0105 korzysta\u0107 uczniowie, nauczyciele i inni pracownicy szko\u0142y;<\/li>\n<li>Zbiory biblioteczne mo\u017cna wypo\u017cycza\u0107 do domu, do pracowni przedmiotowych na lekcje lub korzysta\u0107 na miejscu (ksi\u0119gozbi\u00f3r podr\u0119czny);<\/li>\n<li>Wypo\u017cyczone materia\u0142y nale\u017cy zwr\u00f3ci\u0107 najp\u00f3\u017aniej po up\u0142ywie 2 tygodni (z mo\u017cliwo\u015bci\u0105 przed\u0142u\u017cenia).<\/li>\n<li>W uzasadnionych przypadkach nauczyciel bibliotekarz mo\u017ce przed\u0142u\u017cy\u0107 termin zwrotu wypo\u017cyczonych materia\u0142\u00f3w;<\/li>\n<\/ul>\n","protected":false},"excerpt":{"rendered":"<p>GODZINY PRACY WYPO\u017bYCZALNI I CZYTELNI W ROKU SZKOLNYM 2023\/2024 Poniedzia\u0142ek\u00a0\u00a0\u00a0\u00a0 08.00-14.00 Wtorek \u00a0\u00a0\u00a0\u00a0\u00a0\u00a0\u00a0\u00a0\u00a0\u00a0\u00a0\u00a0\u00a0\u00a0 08.00-15.00 \u015aroda \u00a0\u00a0\u00a0\u00a0\u00a0\u00a0\u00a0\u00a0\u00a0\u00a0\u00a0\u00a0\u00a0\u00a0\u00a0\u00a0\u00a0\u00a0 09.00-15.30 Czwartek \u00a0\u00a0\u00a0\u00a0\u00a0\u00a0\u00a0\u00a0\u00a0\u00a0 08.00-14.30<\/p>\n","protected":false},"author":1,"featured_media":0,"parent":1051,"menu_order":0,"comment_status":"closed","ping_status":"closed","template":"","meta":{"colormag_page_container_layout":"default_layout","colormag_page_sidebar_layout":"default_layout","footnotes":""},"class_list":["post-1361","page","type-page","status-publish","hentry"],"_links":{"self":[{"href":"https:\/\/kasprowicz.edu.pl\/index.php?rest_route=\/wp\/v2\/pages\/1361","targetHints":{"allow":["GET"]}}],"collection":[{"href":"https:\/\/kasprowicz.edu.pl\/index.php?rest_route=\/wp\/v2\/pages"}],"about":[{"href":"https:\/\/kasprowicz.edu.pl\/index.php?rest_route=\/wp\/v2\/types\/page"}],"author":[{"embeddable":true,"href":"https:\/\/kasprowicz.edu.pl\/index.php?rest_route=\/wp\/v2\/users\/1"}],"replies":[{"embeddable":true,"href":"https:\/\/kasprowicz.edu.pl\/index.php?rest_route=%2Fwp%2Fv2%2Fcomments&post=1361"}],"version-history":[{"count":18,"href":"https:\/\/kasprowicz.edu.pl\/index.php?rest_route=\/wp\/v2\/pages\/1361\/revisions"}],"predecessor-version":[{"id":16425,"href":"https:\/\/kasprowicz.edu.pl\/index.php?rest_route=\/wp\/v2\/pages\/1361\/revisions\/16425"}],"up":[{"embeddable":true,"href":"https:\/\/kasprowicz.edu.pl\/index.php?rest_route=\/wp\/v2\/pages\/1051"}],"wp:attachment":[{"href":"https:\/\/kasprowicz.edu.pl\/index.php?rest_route=%2Fwp%2Fv2%2Fmedia&parent=1361"}],"curies":[{"name":"wp","href":"https:\/\/api.w.org\/{rel}","templated":true}]}}