{"id":11390,"date":"2022-11-09T12:13:39","date_gmt":"2022-11-09T11:13:39","guid":{"rendered":"https:\/\/kasprowicz.edu.pl\/?page_id=11390"},"modified":"2026-04-15T10:02:04","modified_gmt":"2026-04-15T08:02:04","slug":"pedagog-szkolny-2","status":"publish","type":"page","link":"https:\/\/kasprowicz.edu.pl\/?page_id=11390","title":{"rendered":"PEDAGOG SPECJALNY"},"content":{"rendered":"<p><em>Nie powiem Ci, \u017ce wszystko b\u0119dzie dobrze, ale chc\u0119 ci pom\u00f3c, zapraszam do siebie na rozmow\u0119, razem b\u0119dzie nam\u00a0 \u0142atwiej znale\u017a\u0107 rozwi\u0105zanie.<\/em><\/p>\n<p>&nbsp;<\/p>\n<p><em><u>Pedagog od zada\u0144 specjalnych \u2013 pedagog specjalny<\/u><\/em><\/p>\n<p>Zadania wykonywane przeze mnie s\u0105 w szkole uzupe\u0142nieniem i wsparciem dla zada\u0144 realizowanych przez nauczycieli przedmiot\u00f3w oraz innych specjalist\u00f3w szkolnych w zakresie rozpoznawania specjalnych potrzeb edukacyjnych uczni\u00f3w oraz planowania dla nich wsparcia odpowiadaj\u0105cego ich potrzebom rozwojowym i edukacyjnym.<\/p>\n<p>Na co dzie\u0144 wspieram dzia\u0142ania szko\u0142y \u00a0poprzez konsultacje, porady, wsparcie pedagogiczne. Najwa\u017cniejszym moim zadaniem jest obj\u0119cie pomoc\u0105 uczni\u00f3w z\u00a0orzeczeniem o\u00a0potrzebie kszta\u0142cenia specjalnego i\u00a0ich rodzic\u00f3w oraz\u00a0uczni\u00f3w \u00a0obj\u0119tych pomoc\u0105 psychologiczno- pedagogiczn\u0105.<\/p>\n<p><u>W\u00a0ramach tego zadania, zajmuj\u0119 si\u0119 :<\/u><\/p>\n<ul>\n<li>diagnoz\u0105 mocnych stron, trudno\u015bci, przyczyn niepowodze\u0144 szkolnych poprzez obserwacj\u0119 w\u00a0 r\u00f3\u017cnych sytuacjach szkolnych, (wywiady z\u00a0rodzicami, wychowawcami i\u00a0rozmowy z \u00a0uczniami) ,<\/li>\n<li>koordynowaniem i opracowywaniem \u00a0odpowiedniej dokumentacji np.: Wielospecjalistycznej Oceny Poziomu Funkcjonowania Ucznia, Indywidualnego Programu Edukacyjno-Terapeutycznego i\u00a0innych dokument\u00f3w zwi\u0105zanych z\u00a0obj\u0119ciem ucznia pomoc\u0105 psychologiczno- pedagogiczn\u0105,<\/li>\n<li>prowadz\u0119 zaj\u0119cia specjalistyczne dla uczni\u00f3w ,<\/li>\n<li>udzielam wsparcia nauczycielom i\u00a0wychowawcom w\u00a0doborze metod, form pracy z\u00a0 uczniami,<\/li>\n<li>prowadz\u0119 konsultacje z rodzicami, kt\u00f3rzy potrzebuj\u0105 wsparcia w procesie wychowania swoich dzieci,<\/li>\n<li>wsp\u00f3\u0142pracuj\u0119 z Poradni\u0105 Psychologiczno- Pedagogiczn\u0105 i innymi specjalistycznymi \u00a0plac\u00f3wkami.<\/li>\n<\/ul>\n<p>&nbsp;<\/p>\n<p><strong><em>Pedagog specjalny mgr Dominika Wielgosz zaprasza w godzinach:<\/em><\/strong><\/p>\n<p>\u015aroda \u00a0\u00a0\u00a0\u00a0\u00a0\u00a0\u00a0\u00a0\u00a0\u00a0\u00a0\u00a0\u00a0\u00a0\u00a0\u00a0\u00a0\u00a0 13.40-18.10<\/p>\n<p>Czwartek\u00a0\u00a0\u00a0\u00a0\u00a0\u00a0\u00a0\u00a0\u00a0\u00a0\u00a0 07.00-12.30<\/p>\n<p>Pi\u0105tek\u00a0\u00a0\u00a0\u00a0\u00a0\u00a0\u00a0\u00a0\u00a0\u00a0\u00a0\u00a0\u00a0\u00a0\u00a0\u00a0\u00a0\u00a0 11.40-18.10<\/p>\n<p>&nbsp;<\/p>\n","protected":false},"excerpt":{"rendered":"<p>Nie powiem Ci, \u017ce wszystko b\u0119dzie dobrze, ale chc\u0119 ci pom\u00f3c, zapraszam do siebie na rozmow\u0119, razem b\u0119dzie nam\u00a0 \u0142atwiej<\/p>\n","protected":false},"author":4,"featured_media":0,"parent":1051,"menu_order":0,"comment_status":"closed","ping_status":"closed","template":"","meta":{"colormag_page_container_layout":"default_layout","colormag_page_sidebar_layout":"default_layout","footnotes":""},"class_list":["post-11390","page","type-page","status-publish","hentry"],"_links":{"self":[{"href":"https:\/\/kasprowicz.edu.pl\/index.php?rest_route=\/wp\/v2\/pages\/11390","targetHints":{"allow":["GET"]}}],"collection":[{"href":"https:\/\/kasprowicz.edu.pl\/index.php?rest_route=\/wp\/v2\/pages"}],"about":[{"href":"https:\/\/kasprowicz.edu.pl\/index.php?rest_route=\/wp\/v2\/types\/page"}],"author":[{"embeddable":true,"href":"https:\/\/kasprowicz.edu.pl\/index.php?rest_route=\/wp\/v2\/users\/4"}],"replies":[{"embeddable":true,"href":"https:\/\/kasprowicz.edu.pl\/index.php?rest_route=%2Fwp%2Fv2%2Fcomments&post=11390"}],"version-history":[{"count":5,"href":"https:\/\/kasprowicz.edu.pl\/index.php?rest_route=\/wp\/v2\/pages\/11390\/revisions"}],"predecessor-version":[{"id":16424,"href":"https:\/\/kasprowicz.edu.pl\/index.php?rest_route=\/wp\/v2\/pages\/11390\/revisions\/16424"}],"up":[{"embeddable":true,"href":"https:\/\/kasprowicz.edu.pl\/index.php?rest_route=\/wp\/v2\/pages\/1051"}],"wp:attachment":[{"href":"https:\/\/kasprowicz.edu.pl\/index.php?rest_route=%2Fwp%2Fv2%2Fmedia&parent=11390"}],"curies":[{"name":"wp","href":"https:\/\/api.w.org\/{rel}","templated":true}]}}